{"id":12727,"date":"2021-07-20T13:45:21","date_gmt":"2021-07-20T13:45:21","guid":{"rendered":"https:\/\/saniambiente.com\/site\/?page_id=12727"},"modified":"2023-03-13T16:41:39","modified_gmt":"2023-03-13T16:41:39","slug":"qualidade-e-ambiente","status":"publish","type":"page","link":"https:\/\/saniambiente.com\/site\/qualidade-e-ambiente\/","title":{"rendered":"Qualidade e Ambiente"},"content":{"rendered":"<p>[vc_row][vc_column width=&#8221;1\/2&#8243;][vc_text_separator title=&#8221;Certificados&#8221; color=&#8221;green&#8221;][vc_single_image image=&#8221;12734&#8243; img_size=&#8221;100&#215;100&#8243; alignment=&#8221;center&#8221;][vc_column_text]A Saniambiente \u00e9 uma empresa <strong>certificada <\/strong>pela SGS e pela CEPA, l\u00edderes mundiais em inspe\u00e7\u00e3o, testes e certifica\u00e7\u00e3o.[\/vc_column_text][qt_button button_style=&#8221;primary-color&#8221; button_align=&#8221;align-left&#8221; button_fullwidth=&#8221;true&#8221; button_target=&#8221;true&#8221; button_text=&#8221;Ver Certificados&#8221; button_link=&#8221;url:https%3A%2F%2Fsaniambiente.com%2Fsite%2Fcertificacao-iso-e-cepa%2F|title:Certificados|target:_blank&#8221; css=&#8221;.vc_custom_1651852170705{margin-bottom: 20px !important;}&#8221;][\/vc_column][vc_column width=&#8221;1\/2&#8243;][vc_text_separator title=&#8221;Pol\u00edtica da Qualidade e Ambiente&#8221; color=&#8221;green&#8221;][vc_single_image image=&#8221;12740&#8243; img_size=&#8221;100&#215;100&#8243; alignment=&#8221;center&#8221; onclick=&#8221;custom_link&#8221; img_link_target=&#8221;_blank&#8221; link=&#8221;https:\/\/saniambiente.com\/site\/politica-de-qualidade\/&#8221;][vc_column_text]Apostamos na Efici\u00eancia, Profissionalismo, Qualidade e Prote\u00e7\u00e3o do Ambiente em todos os servi\u00e7os que prestamos.[\/vc_column_text][qt_button button_style=&#8221;primary-color&#8221; button_align=&#8221;align-left&#8221; button_fullwidth=&#8221;true&#8221; button_target=&#8221;true&#8221; button_link=&#8221;url:https%3A%2F%2Fsaniambiente.com%2Fsite%2Fpolitica-de-qualidade%2F|title:Pol%C3%ADtica%20de%20Qualidade|target:_blank&#8221; button_text=&#8221;Ver Pol\u00edtica da Qualidade&#8221; css=&#8221;.vc_custom_1645026313096{margin-bottom: 20px !important;}&#8221;][\/vc_column][\/vc_row]<\/p>\n","protected":false},"excerpt":{"rendered":"<p>[vc_row][vc_column width=&#8221;1\/2&#8243;][vc_text_separator title=&#8221;Certificados&#8221; color=&#8221;green&#8221;][vc_single_image image=&#8221;12734&#8243; img_size=&#8221;100&#215;100&#8243; alignment=&#8221;center&#8221;][vc_column_text]A Saniambiente \u00e9 uma empresa certificada pela SGS e pela CEPA, l\u00edderes mundiais em inspe\u00e7\u00e3o, testes e certifica\u00e7\u00e3o.[\/vc_column_text][qt_button button_style=&#8221;primary-color&#8221; button_align=&#8221;align-left&#8221; button_fullwidth=&#8221;true&#8221; button_target=&#8221;true&#8221; button_text=&#8221;Ver Certificados&#8221; button_link=&#8221;url:https%3A%2F%2Fsaniambiente.com%2Fsite%2Fcertificacao-iso-e-cepa%2F|title:Certificados|target:_blank&#8221; css=&#8221;.vc_custom_1651852170705{margin-bottom: 20px !important;}&#8221;][\/vc_column][vc_column width=&#8221;1\/2&#8243;][vc_text_separator title=&#8221;Pol\u00edtica da Qualidade e Ambiente&#8221; color=&#8221;green&#8221;][vc_single_image image=&#8221;12740&#8243; img_size=&#8221;100&#215;100&#8243; alignment=&#8221;center&#8221; onclick=&#8221;custom_link&#8221; img_link_target=&#8221;_blank&#8221; link=&#8221;https:\/\/saniambiente.com\/site\/politica-de-qualidade\/&#8221;][vc_column_text]Apostamos na Efici\u00eancia, Profissionalismo, Qualidade e Prote\u00e7\u00e3o do Ambiente&hellip;<\/p>\n","protected":false},"author":1,"featured_media":0,"parent":0,"menu_order":0,"comment_status":"closed","ping_status":"closed","template":"","meta":{"_monsterinsights_skip_tracking":false,"_monsterinsights_sitenote_active":false,"_monsterinsights_sitenote_note":"","_monsterinsights_sitenote_category":0,"cybocfi_hide_featured_image":"","footnotes":""},"class_list":["post-12727","page","type-page","status-publish","hentry"],"yoast_head":"<!-- This site is optimized with the Yoast SEO plugin v16.6.1 - https:\/\/yoast.com\/wordpress\/plugins\/seo\/ -->\n<title>Qualidade e Ambiente - Saniambiente<\/title>\n<meta name=\"robots\" content=\"index, follow, max-snippet:-1, max-image-preview:large, max-video-preview:-1\" \/>\n<link rel=\"canonical\" href=\"https:\/\/saniambiente.com\/site\/qualidade-e-ambiente\/\" \/>\n<meta property=\"og:locale\" content=\"pt_PT\" \/>\n<meta property=\"og:type\" content=\"article\" \/>\n<meta property=\"og:title\" content=\"Qualidade e Ambiente - Saniambiente\" \/>\n<meta property=\"og:description\" content=\"[vc_row][vc_column width=&#8221;1\/2&#8243;][vc_text_separator title=&#8221;Certificados&#8221; color=&#8221;green&#8221;][vc_single_image image=&#8221;12734&#8243; img_size=&#8221;100&#215;100&#8243; alignment=&#8221;center&#8221;][vc_column_text]A Saniambiente \u00e9 uma empresa certificada pela SGS e pela CEPA, l\u00edderes mundiais em inspe\u00e7\u00e3o, testes e certifica\u00e7\u00e3o.[\/vc_column_text][qt_button button_style=&#8221;primary-color&#8221; button_align=&#8221;align-left&#8221; button_fullwidth=&#8221;true&#8221; button_target=&#8221;true&#8221; button_text=&#8221;Ver Certificados&#8221; button_link=&#8221;url:https%3A%2F%2Fsaniambiente.com%2Fsite%2Fcertificacao-iso-e-cepa%2F|title:Certificados|target:_blank&#8221; css=&#8221;.vc_custom_1651852170705{margin-bottom: 20px !important;}&#8221;][\/vc_column][vc_column width=&#8221;1\/2&#8243;][vc_text_separator title=&#8221;Pol\u00edtica da Qualidade e Ambiente&#8221; color=&#8221;green&#8221;][vc_single_image image=&#8221;12740&#8243; img_size=&#8221;100&#215;100&#8243; alignment=&#8221;center&#8221; onclick=&#8221;custom_link&#8221; img_link_target=&#8221;_blank&#8221; link=&#8221;https:\/\/saniambiente.com\/site\/politica-de-qualidade\/&#8221;][vc_column_text]Apostamos na Efici\u00eancia, Profissionalismo, Qualidade e Prote\u00e7\u00e3o do Ambiente&hellip;\" \/>\n<meta property=\"og:url\" content=\"https:\/\/saniambiente.com\/site\/qualidade-e-ambiente\/\" \/>\n<meta property=\"og:site_name\" content=\"Saniambiente\" \/>\n<meta property=\"article:modified_time\" content=\"2023-03-13T16:41:39+00:00\" \/>\n<meta name=\"twitter:card\" content=\"summary_large_image\" \/>\n<meta name=\"twitter:label1\" content=\"Tempo estimado de leitura\" \/>\n\t<meta name=\"twitter:data1\" content=\"1 minuto\" \/>\n<script type=\"application\/ld+json\" class=\"yoast-schema-graph\">{\"@context\":\"https:\/\/schema.org\",\"@graph\":[{\"@type\":\"WebSite\",\"@id\":\"https:\/\/saniambiente.com\/site\/#website\",\"url\":\"https:\/\/saniambiente.com\/site\/\",\"name\":\"Saniambiente\",\"description\":\"Saniambiente\",\"potentialAction\":[{\"@type\":\"SearchAction\",\"target\":{\"@type\":\"EntryPoint\",\"urlTemplate\":\"https:\/\/saniambiente.com\/site\/?s={search_term_string}\"},\"query-input\":\"required name=search_term_string\"}],\"inLanguage\":\"pt-PT\"},{\"@type\":\"WebPage\",\"@id\":\"https:\/\/saniambiente.com\/site\/qualidade-e-ambiente\/#webpage\",\"url\":\"https:\/\/saniambiente.com\/site\/qualidade-e-ambiente\/\",\"name\":\"Qualidade e Ambiente - Saniambiente\",\"isPartOf\":{\"@id\":\"https:\/\/saniambiente.com\/site\/#website\"},\"datePublished\":\"2021-07-20T13:45:21+00:00\",\"dateModified\":\"2023-03-13T16:41:39+00:00\",\"breadcrumb\":{\"@id\":\"https:\/\/saniambiente.com\/site\/qualidade-e-ambiente\/#breadcrumb\"},\"inLanguage\":\"pt-PT\",\"potentialAction\":[{\"@type\":\"ReadAction\",\"target\":[\"https:\/\/saniambiente.com\/site\/qualidade-e-ambiente\/\"]}]},{\"@type\":\"BreadcrumbList\",\"@id\":\"https:\/\/saniambiente.com\/site\/qualidade-e-ambiente\/#breadcrumb\",\"itemListElement\":[{\"@type\":\"ListItem\",\"position\":1,\"name\":\"In\\u00edcio\",\"item\":\"https:\/\/saniambiente.com\/site\/\"},{\"@type\":\"ListItem\",\"position\":2,\"name\":\"Qualidade e Ambiente\"}]}]}<\/script>\n<!-- \/ Yoast SEO plugin. -->","_links":{"self":[{"href":"https:\/\/saniambiente.com\/site\/wp-json\/wp\/v2\/pages\/12727","targetHints":{"allow":["GET"]}}],"collection":[{"href":"https:\/\/saniambiente.com\/site\/wp-json\/wp\/v2\/pages"}],"about":[{"href":"https:\/\/saniambiente.com\/site\/wp-json\/wp\/v2\/types\/page"}],"author":[{"embeddable":true,"href":"https:\/\/saniambiente.com\/site\/wp-json\/wp\/v2\/users\/1"}],"replies":[{"embeddable":true,"href":"https:\/\/saniambiente.com\/site\/wp-json\/wp\/v2\/comments?post=12727"}],"version-history":[{"count":26,"href":"https:\/\/saniambiente.com\/site\/wp-json\/wp\/v2\/pages\/12727\/revisions"}],"predecessor-version":[{"id":13441,"href":"https:\/\/saniambiente.com\/site\/wp-json\/wp\/v2\/pages\/12727\/revisions\/13441"}],"wp:attachment":[{"href":"https:\/\/saniambiente.com\/site\/wp-json\/wp\/v2\/media?parent=12727"}],"curies":[{"name":"wp","href":"https:\/\/api.w.org\/{rel}","templated":true}]}}