{"id":12755,"date":"2021-07-20T16:32:32","date_gmt":"2021-07-20T16:32:32","guid":{"rendered":"https:\/\/saniambiente.com\/site\/?page_id=12755"},"modified":"2026-02-18T15:11:29","modified_gmt":"2026-02-18T15:11:29","slug":"politica-de-qualidade","status":"publish","type":"page","link":"https:\/\/saniambiente.com\/site\/politica-de-qualidade\/","title":{"rendered":"Pol\u00edtica de Qualidade"},"content":{"rendered":"<p>[vc_section][vc_row][vc_column][qt_animate_element animation_delay=&#8221;&#8221; animation_duration=&#8221;&#8221;][vc_column_text]A SANIAMBIENTE aposta na Efici\u00eancia, no Profissionalismo, na Qualidade, nas condi\u00e7\u00f5es de trabalho Seguras e Saud\u00e1veis e na Prote\u00e7\u00e3o do Ambiente em todos os servi\u00e7os que presta.<\/p>\n<p>S\u00e3o definidos os seguintes princ\u00edpios, que devem ser seguidos por todos os colaboradores da empresa:<\/p>\n<p>1. Acompanhamento e satisfa\u00e7\u00e3o permanente das necessidades dos Clientes;<\/p>\n<p>2. Rigor no cumprimento do planeamento do servi\u00e7o definido com cada Cliente;<\/p>\n<p>3. Identifica\u00e7\u00e3o proativa de novas necessidades;<\/p>\n<p>4. Aplica\u00e7\u00e3o das boas pr\u00e1ticas definidas para a atividade;<\/p>\n<p>5. Racionalidade no consumo de produtos usados na atividade, evitando o desperd\u00edcio e o uso de quantidades superiores ao recomendado pelos fabricantes;<\/p>\n<p>6. Preven\u00e7\u00e3o da polui\u00e7\u00e3o no exerc\u00edcio das atividades desenvolvidas, garantindo o uso sustent\u00e1vel dos recursos e uma gest\u00e3o eficiente dos res\u00edduos;<\/p>\n<p>7. Preven\u00e7\u00e3o de doen\u00e7as, dist\u00farbios ou les\u00f5es que podem impactar a sa\u00fade f\u00edsica e mental dos trabalhadores;<\/p>\n<p>8. Promover a consulta e participa\u00e7\u00e3o dos trabalhadores e daqueles que os representam;<\/p>\n<p>9. Monitoriza\u00e7\u00e3o e avalia\u00e7\u00e3o permanente dos servi\u00e7os prestados;<\/p>\n<p>10. Inovar e diversificar a oferta com vista a prestar um servi\u00e7o completo aos clientes;<\/p>\n<p>11. Melhoria continua da efic\u00e1cia do sistema de gest\u00e3o da qualidade, ambiente e seguran\u00e7a, traduzidos na melhoria da qualidade, do desempenho ambiental e das condi\u00e7\u00f5es de seguran\u00e7a nomeadamente na elimina\u00e7\u00e3o de perigos e redu\u00e7\u00e3o dos riscos para a sa\u00fade e<br \/>\nseguran\u00e7a no trabalho.<\/p>\n<p>A empresa assume o cumprimento de todos os requisitos que lhe s\u00e3o aplic\u00e1veis, nomeadamente: requisitos dos Clientes, requisitos legais e regulamentares e outros requisitos que a organiza\u00e7\u00e3o subscreva relativos \u00e0 sua atividade e aos seus aspetos ambientais.<\/p>\n<p>&nbsp;<\/p>\n<p>7 de janeiro de 2026<br \/>\nDepartamento QAS[\/vc_column_text][\/qt_animate_element][\/vc_column][\/vc_row][\/vc_section]<\/p>\n","protected":false},"excerpt":{"rendered":"<p>[vc_section][vc_row][vc_column][qt_animate_element animation_delay=&#8221;&#8221; animation_duration=&#8221;&#8221;][vc_column_text]A SANIAMBIENTE aposta na Efici\u00eancia, no Profissionalismo, na Qualidade, nas condi\u00e7\u00f5es de trabalho Seguras e Saud\u00e1veis e na Prote\u00e7\u00e3o do Ambiente em todos os servi\u00e7os que presta. S\u00e3o definidos os seguintes princ\u00edpios, que devem ser seguidos por todos os colaboradores da empresa: 1. Acompanhamento e satisfa\u00e7\u00e3o permanente das necessidades dos Clientes; 2. Rigor&hellip;<\/p>\n","protected":false},"author":1,"featured_media":0,"parent":0,"menu_order":0,"comment_status":"closed","ping_status":"closed","template":"","meta":{"_monsterinsights_skip_tracking":false,"_monsterinsights_sitenote_active":false,"_monsterinsights_sitenote_note":"","_monsterinsights_sitenote_category":0,"cybocfi_hide_featured_image":"","footnotes":""},"class_list":["post-12755","page","type-page","status-publish","hentry"],"yoast_head":"<!-- This site is optimized with the Yoast SEO plugin v16.6.1 - https:\/\/yoast.com\/wordpress\/plugins\/seo\/ -->\n<title>Pol\u00edtica de Qualidade - Saniambiente<\/title>\n<meta name=\"robots\" content=\"index, follow, max-snippet:-1, max-image-preview:large, max-video-preview:-1\" \/>\n<link rel=\"canonical\" href=\"https:\/\/saniambiente.com\/site\/politica-de-qualidade\/\" \/>\n<meta property=\"og:locale\" content=\"pt_PT\" \/>\n<meta property=\"og:type\" content=\"article\" \/>\n<meta property=\"og:title\" content=\"Pol\u00edtica de Qualidade - Saniambiente\" \/>\n<meta property=\"og:description\" content=\"[vc_section][vc_row][vc_column][qt_animate_element animation_delay=&#8221;&#8221; animation_duration=&#8221;&#8221;][vc_column_text]A SANIAMBIENTE aposta na Efici\u00eancia, no Profissionalismo, na Qualidade, nas condi\u00e7\u00f5es de trabalho Seguras e Saud\u00e1veis e na Prote\u00e7\u00e3o do Ambiente em todos os servi\u00e7os que presta. S\u00e3o definidos os seguintes princ\u00edpios, que devem ser seguidos por todos os colaboradores da empresa: 1. Acompanhamento e satisfa\u00e7\u00e3o permanente das necessidades dos Clientes; 2. Rigor&hellip;\" \/>\n<meta property=\"og:url\" content=\"https:\/\/saniambiente.com\/site\/politica-de-qualidade\/\" \/>\n<meta property=\"og:site_name\" content=\"Saniambiente\" \/>\n<meta property=\"article:modified_time\" content=\"2026-02-18T15:11:29+00:00\" \/>\n<meta name=\"twitter:card\" content=\"summary_large_image\" \/>\n<meta name=\"twitter:label1\" content=\"Tempo estimado de leitura\" \/>\n\t<meta name=\"twitter:data1\" content=\"1 minuto\" \/>\n<script type=\"application\/ld+json\" class=\"yoast-schema-graph\">{\"@context\":\"https:\/\/schema.org\",\"@graph\":[{\"@type\":\"WebSite\",\"@id\":\"https:\/\/saniambiente.com\/site\/#website\",\"url\":\"https:\/\/saniambiente.com\/site\/\",\"name\":\"Saniambiente\",\"description\":\"Saniambiente\",\"potentialAction\":[{\"@type\":\"SearchAction\",\"target\":{\"@type\":\"EntryPoint\",\"urlTemplate\":\"https:\/\/saniambiente.com\/site\/?s={search_term_string}\"},\"query-input\":\"required name=search_term_string\"}],\"inLanguage\":\"pt-PT\"},{\"@type\":\"WebPage\",\"@id\":\"https:\/\/saniambiente.com\/site\/politica-de-qualidade\/#webpage\",\"url\":\"https:\/\/saniambiente.com\/site\/politica-de-qualidade\/\",\"name\":\"Pol\\u00edtica de Qualidade - Saniambiente\",\"isPartOf\":{\"@id\":\"https:\/\/saniambiente.com\/site\/#website\"},\"datePublished\":\"2021-07-20T16:32:32+00:00\",\"dateModified\":\"2026-02-18T15:11:29+00:00\",\"breadcrumb\":{\"@id\":\"https:\/\/saniambiente.com\/site\/politica-de-qualidade\/#breadcrumb\"},\"inLanguage\":\"pt-PT\",\"potentialAction\":[{\"@type\":\"ReadAction\",\"target\":[\"https:\/\/saniambiente.com\/site\/politica-de-qualidade\/\"]}]},{\"@type\":\"BreadcrumbList\",\"@id\":\"https:\/\/saniambiente.com\/site\/politica-de-qualidade\/#breadcrumb\",\"itemListElement\":[{\"@type\":\"ListItem\",\"position\":1,\"name\":\"In\\u00edcio\",\"item\":\"https:\/\/saniambiente.com\/site\/\"},{\"@type\":\"ListItem\",\"position\":2,\"name\":\"Pol\\u00edtica de Qualidade\"}]}]}<\/script>\n<!-- \/ Yoast SEO plugin. -->","_links":{"self":[{"href":"https:\/\/saniambiente.com\/site\/wp-json\/wp\/v2\/pages\/12755","targetHints":{"allow":["GET"]}}],"collection":[{"href":"https:\/\/saniambiente.com\/site\/wp-json\/wp\/v2\/pages"}],"about":[{"href":"https:\/\/saniambiente.com\/site\/wp-json\/wp\/v2\/types\/page"}],"author":[{"embeddable":true,"href":"https:\/\/saniambiente.com\/site\/wp-json\/wp\/v2\/users\/1"}],"replies":[{"embeddable":true,"href":"https:\/\/saniambiente.com\/site\/wp-json\/wp\/v2\/comments?post=12755"}],"version-history":[{"count":5,"href":"https:\/\/saniambiente.com\/site\/wp-json\/wp\/v2\/pages\/12755\/revisions"}],"predecessor-version":[{"id":13476,"href":"https:\/\/saniambiente.com\/site\/wp-json\/wp\/v2\/pages\/12755\/revisions\/13476"}],"wp:attachment":[{"href":"https:\/\/saniambiente.com\/site\/wp-json\/wp\/v2\/media?parent=12755"}],"curies":[{"name":"wp","href":"https:\/\/api.w.org\/{rel}","templated":true}]}}