{"id":12763,"date":"2021-07-20T16:48:29","date_gmt":"2021-07-20T16:48:29","guid":{"rendered":"https:\/\/saniambiente.com\/site\/?page_id=12763"},"modified":"2025-09-10T11:43:13","modified_gmt":"2025-09-10T11:43:13","slug":"certificacao-iso-e-cepa","status":"publish","type":"page","link":"https:\/\/saniambiente.com\/site\/certificacao-iso-e-cepa\/","title":{"rendered":"Certificados"},"content":{"rendered":"<p>[vc_section][vc_row][vc_column][vc_column_text]Certifica\u00e7\u00e3o ISO e CEPA. A Saniambiente \u00e9 uma empresa empresa certificada pela <a href=\"https:\/\/www.sgs.pt\/\" target=\"_blank\" rel=\"noopener\">SGS ICS Portugal<\/a>.<\/p>\n<p>Aqui pode consultar os nosso Certificados actualizados.[\/vc_column_text][vc_column_text]Certifica\u00e7\u00e3o ISO e CEPA. A Saniambiente \u00e9 uma empresa empresa certificada pela <a href=\"https:\/\/www.sgs.pt\/\" target=\"_blank\" rel=\"noopener\">SGS ICS Portugal<\/a>.<\/p>\n<p>Aqui pode consultar os nosso Certificados actualizados.[\/vc_column_text][\/vc_column][\/vc_row][vc_row][vc_column width=&#8221;1\/3&#8243;][vc_text_separator title=&#8221;ISO 9001&#8243;][vc_single_image image=&#8221;13471&#8243; img_size=&#8221;thumbnail&#8221; alignment=&#8221;center&#8221; onclick=&#8221;img_link_large&#8221;][\/vc_column][vc_column width=&#8221;1\/3&#8243;][vc_text_separator title=&#8221;ISO 14001&#8243;][vc_single_image image=&#8221;13470&#8243; img_size=&#8221;thumbnail&#8221; alignment=&#8221;center&#8221; onclick=&#8221;img_link_large&#8221;][\/vc_column][vc_column width=&#8221;1\/3&#8243;][vc_text_separator title=&#8221;EN 16636&#8243;][vc_single_image image=&#8221;13472&#8243; img_size=&#8221;thumbnail&#8221; alignment=&#8221;center&#8221; onclick=&#8221;img_link_large&#8221;][\/vc_column][\/vc_row][\/vc_section][vc_row][vc_column][vc_column_text]Qualquer d\u00favida ou quest\u00e3o, por favor, <a href=\"https:\/\/saniambiente.com\/site\/contactos\/\" target=\"_blank\" rel=\"noopener\">contacte-nos<\/a>.[\/vc_column_text][\/vc_column][\/vc_row]<\/p>\n","protected":false},"excerpt":{"rendered":"<p>[vc_section][vc_row][vc_column][vc_column_text]Certifica\u00e7\u00e3o ISO e CEPA. A Saniambiente \u00e9 uma empresa empresa certificada pela SGS ICS Portugal. Aqui pode consultar os nosso Certificados actualizados.[\/vc_column_text][vc_column_text]Certifica\u00e7\u00e3o ISO e CEPA. A Saniambiente \u00e9 uma empresa empresa certificada pela SGS ICS Portugal. Aqui pode consultar os nosso Certificados actualizados.[\/vc_column_text][\/vc_column][\/vc_row][vc_row][vc_column width=&#8221;1\/3&#8243;][vc_text_separator title=&#8221;ISO 9001&#8243;][vc_single_image image=&#8221;13471&#8243; img_size=&#8221;thumbnail&#8221; alignment=&#8221;center&#8221; onclick=&#8221;img_link_large&#8221;][\/vc_column][vc_column width=&#8221;1\/3&#8243;][vc_text_separator title=&#8221;ISO 14001&#8243;][vc_single_image image=&#8221;13470&#8243; img_size=&#8221;thumbnail&#8221;&hellip;<\/p>\n","protected":false},"author":1,"featured_media":0,"parent":0,"menu_order":0,"comment_status":"closed","ping_status":"closed","template":"","meta":{"_monsterinsights_skip_tracking":false,"_monsterinsights_sitenote_active":false,"_monsterinsights_sitenote_note":"","_monsterinsights_sitenote_category":0,"cybocfi_hide_featured_image":"","footnotes":""},"class_list":["post-12763","page","type-page","status-publish","hentry"],"yoast_head":"<!-- This site is optimized with the Yoast SEO plugin v16.6.1 - https:\/\/yoast.com\/wordpress\/plugins\/seo\/ -->\n<title>Certifica\u00e7\u00e3o ISO e CEPA - Certificados - Saniambiente - SGS PORTUGAL<\/title>\n<meta name=\"description\" content=\"Certifica\u00e7\u00e3o ISO e CEPA. A Saniambiente \u00e9 uma empresa empresa certificada pela SGS ICS Portugal. Consulte os Certificados actualizados.\" \/>\n<meta name=\"robots\" content=\"index, follow, max-snippet:-1, max-image-preview:large, max-video-preview:-1\" \/>\n<link rel=\"canonical\" href=\"https:\/\/saniambiente.com\/site\/certificacao-iso-e-cepa\/\" \/>\n<meta property=\"og:locale\" content=\"pt_PT\" \/>\n<meta property=\"og:type\" content=\"article\" \/>\n<meta property=\"og:title\" content=\"Certifica\u00e7\u00e3o ISO e CEPA - Certificados - Saniambiente - SGS PORTUGAL\" \/>\n<meta property=\"og:description\" content=\"Certifica\u00e7\u00e3o ISO e CEPA. A Saniambiente \u00e9 uma empresa empresa certificada pela SGS ICS Portugal. Consulte os Certificados actualizados.\" \/>\n<meta property=\"og:url\" content=\"https:\/\/saniambiente.com\/site\/certificacao-iso-e-cepa\/\" \/>\n<meta property=\"og:site_name\" content=\"Saniambiente\" \/>\n<meta property=\"article:modified_time\" content=\"2025-09-10T11:43:13+00:00\" \/>\n<meta name=\"twitter:card\" content=\"summary_large_image\" \/>\n<meta name=\"twitter:label1\" content=\"Tempo estimado de leitura\" \/>\n\t<meta name=\"twitter:data1\" content=\"1 minuto\" \/>\n<script type=\"application\/ld+json\" class=\"yoast-schema-graph\">{\"@context\":\"https:\/\/schema.org\",\"@graph\":[{\"@type\":\"WebSite\",\"@id\":\"https:\/\/saniambiente.com\/site\/#website\",\"url\":\"https:\/\/saniambiente.com\/site\/\",\"name\":\"Saniambiente\",\"description\":\"Saniambiente\",\"potentialAction\":[{\"@type\":\"SearchAction\",\"target\":{\"@type\":\"EntryPoint\",\"urlTemplate\":\"https:\/\/saniambiente.com\/site\/?s={search_term_string}\"},\"query-input\":\"required name=search_term_string\"}],\"inLanguage\":\"pt-PT\"},{\"@type\":\"WebPage\",\"@id\":\"https:\/\/saniambiente.com\/site\/certificacao-iso-e-cepa\/#webpage\",\"url\":\"https:\/\/saniambiente.com\/site\/certificacao-iso-e-cepa\/\",\"name\":\"Certifica\\u00e7\\u00e3o ISO e CEPA - Certificados - Saniambiente - SGS PORTUGAL\",\"isPartOf\":{\"@id\":\"https:\/\/saniambiente.com\/site\/#website\"},\"datePublished\":\"2021-07-20T16:48:29+00:00\",\"dateModified\":\"2025-09-10T11:43:13+00:00\",\"description\":\"Certifica\\u00e7\\u00e3o ISO e CEPA. A Saniambiente \\u00e9 uma empresa empresa certificada pela SGS ICS Portugal. Consulte os Certificados actualizados.\",\"breadcrumb\":{\"@id\":\"https:\/\/saniambiente.com\/site\/certificacao-iso-e-cepa\/#breadcrumb\"},\"inLanguage\":\"pt-PT\",\"potentialAction\":[{\"@type\":\"ReadAction\",\"target\":[\"https:\/\/saniambiente.com\/site\/certificacao-iso-e-cepa\/\"]}]},{\"@type\":\"BreadcrumbList\",\"@id\":\"https:\/\/saniambiente.com\/site\/certificacao-iso-e-cepa\/#breadcrumb\",\"itemListElement\":[{\"@type\":\"ListItem\",\"position\":1,\"name\":\"In\\u00edcio\",\"item\":\"https:\/\/saniambiente.com\/site\/\"},{\"@type\":\"ListItem\",\"position\":2,\"name\":\"Certificados\"}]}]}<\/script>\n<!-- \/ Yoast SEO plugin. -->","_links":{"self":[{"href":"https:\/\/saniambiente.com\/site\/wp-json\/wp\/v2\/pages\/12763","targetHints":{"allow":["GET"]}}],"collection":[{"href":"https:\/\/saniambiente.com\/site\/wp-json\/wp\/v2\/pages"}],"about":[{"href":"https:\/\/saniambiente.com\/site\/wp-json\/wp\/v2\/types\/page"}],"author":[{"embeddable":true,"href":"https:\/\/saniambiente.com\/site\/wp-json\/wp\/v2\/users\/1"}],"replies":[{"embeddable":true,"href":"https:\/\/saniambiente.com\/site\/wp-json\/wp\/v2\/comments?post=12763"}],"version-history":[{"count":13,"href":"https:\/\/saniambiente.com\/site\/wp-json\/wp\/v2\/pages\/12763\/revisions"}],"predecessor-version":[{"id":13473,"href":"https:\/\/saniambiente.com\/site\/wp-json\/wp\/v2\/pages\/12763\/revisions\/13473"}],"wp:attachment":[{"href":"https:\/\/saniambiente.com\/site\/wp-json\/wp\/v2\/media?parent=12763"}],"curies":[{"name":"wp","href":"https:\/\/api.w.org\/{rel}","templated":true}]}}