{"id":12979,"date":"2021-07-29T11:08:02","date_gmt":"2021-07-29T11:08:02","guid":{"rendered":"https:\/\/saniambiente.com\/site\/?page_id=12979"},"modified":"2022-05-06T16:21:38","modified_gmt":"2022-05-06T16:21:38","slug":"pest-control","status":"publish","type":"page","link":"https:\/\/saniambiente.com\/site\/servicos\/pest-control\/","title":{"rendered":"Pest Control"},"content":{"rendered":"<p>[vc_row css=&#8221;.vc_custom_1627473633396{padding-top: 0px !important;}&#8221;][vc_column][vc_column_text css=&#8221;.vc_custom_1651854096862{margin-top: -8px !important;margin-bottom: 30px !important;}&#8221;]<\/p>\n<h4><strong>O QUE FAZEMOS<\/strong><\/h4>\n<p><b>Apoiamos<\/b><strong>\u00a0neg\u00f3cios e organiza\u00e7\u00f5es no cumprimento dos seus compromissos ambientais, de sa\u00fade e seguran\u00e7a. <\/strong>O servi\u00e7o de controlo de pragas e desinfe\u00e7\u00e3o garante<strong> a higiene, seguran\u00e7a e reputa\u00e7\u00e3o<\/strong> das empresas.<\/p>\n<p>Oferecemos uma vasta gama de solu\u00e7\u00f5es nos servi\u00e7os de controlo de pragas e desinfe\u00e7\u00e3o.<\/p>\n<p>Desde 2003 que somos agentes ativos na prote\u00e7\u00e3o de neg\u00f3cios, aliando o conhecimento e experi\u00eancia adquiridos, com a compreens\u00e3o das necessidades \u00fanicas de cada cliente e a busca de solu\u00e7\u00f5es eficazes com o apoio das novas tecnologias, como \u00e9 o caso do nosso software de gest\u00e3o de controlo de pragas.<\/p>\n<p>Nas nossas interven\u00e7\u00f5es utilizamos biocidas espec\u00edficos, adquiridos a empresas de renome internacional homologados pela DGS, DGAV e outras entidades competentes.<\/p>\n<p>Prestamos sempre o nosso melhor servi\u00e7os nas seguintes \u00e1reas de neg\u00f3cios:<\/p>\n<ul>\n<li style=\"list-style-type: none;\">\n<ul>\n<li>Industria Alimentar<\/li>\n<li>Restaura\u00e7\u00e3o<\/li>\n<li>Entidades Governamentais<\/li>\n<li>Sa\u00fade e Bem Estar<\/li>\n<li>Setor Hoteleiro<\/li>\n<li>Log\u00edstica<\/li>\n<li>Escrit\u00f3rios<\/li>\n<li>Ind\u00fastria Farmac\u00eautica<\/li>\n<li>Superf\u00edcies Comerciais<\/li>\n<li>Educa\u00e7\u00e3o<\/li>\n<\/ul>\n<\/li>\n<\/ul>\n<p>[\/vc_column_text][vc_row_inner css=&#8221;.vc_custom_1627487834042{padding-top: 20px !important;padding-bottom: 10px !important;}&#8221;][vc_column_inner][vc_text_separator title=&#8221;SERVI\u00c7OS&#8221;][\/vc_column_inner][\/vc_row_inner][\/vc_column][\/vc_row][vc_row full_width=&#8221;stretch_row_content&#8221; css=&#8221;.vc_custom_1627469811701{margin-left: 0px !important;padding-left: 0px !important;}&#8221;][vc_column width=&#8221;1\/6&#8243; css=&#8221;.vc_custom_1627470619781{margin-left: 0px !important;padding-right: 0px !important;padding-left: 0px !important;}&#8221;][vc_single_image image=&#8221;12982&#8243; add_caption=&#8221;yes&#8221; alignment=&#8221;center&#8221; css_animation=&#8221;bottom-to-top&#8221; css=&#8221;.vc_custom_1644420077587{margin-left: 0px !important;}&#8221;][\/vc_column][vc_column width=&#8221;1\/6&#8243; css=&#8221;.vc_custom_1627471065525{padding-right: 0px !important;padding-left: 0px !important;}&#8221;][vc_single_image image=&#8221;12984&#8243; alignment=&#8221;center&#8221; css_animation=&#8221;bottom-to-top&#8221; css=&#8221;.vc_custom_1627641791001{margin-left: 0px !important;}&#8221;][\/vc_column][vc_column width=&#8221;1\/6&#8243; css=&#8221;.vc_custom_1627471781568{padding-right: 0px !important;padding-left: 0px !important;}&#8221;][vc_single_image image=&#8221;12985&#8243; add_caption=&#8221;yes&#8221; alignment=&#8221;center&#8221; css_animation=&#8221;bottom-to-top&#8221; css=&#8221;.vc_custom_1627641852892{margin-left: 0px !important;}&#8221;][\/vc_column][vc_column width=&#8221;1\/6&#8243; css=&#8221;.vc_custom_1627473069185{padding-right: 0px !important;padding-left: 0px !important;}&#8221;][vc_single_image image=&#8221;12990&#8243; alignment=&#8221;center&#8221; css_animation=&#8221;bottom-to-top&#8221; css=&#8221;.vc_custom_1627641805639{margin-left: 0px !important;}&#8221;][\/vc_column][vc_column width=&#8221;1\/6&#8243; css=&#8221;.vc_custom_1627473529541{padding-right: 0px !important;padding-left: 0px !important;}&#8221;][vc_single_image image=&#8221;12981&#8243; add_caption=&#8221;yes&#8221; alignment=&#8221;center&#8221; css_animation=&#8221;bottom-to-top&#8221; css=&#8221;.vc_custom_1627641863500{margin-left: 0px !important;}&#8221;][\/vc_column][vc_column width=&#8221;1\/6&#8243; css=&#8221;.vc_custom_1627478521807{padding-right: 0px !important;padding-left: 0px !important;}&#8221;][vc_single_image image=&#8221;12987&#8243; alignment=&#8221;center&#8221; css_animation=&#8221;bottom-to-top&#8221; css=&#8221;.vc_custom_1627641857936{margin-left: 0px !important;}&#8221;][\/vc_column][\/vc_row][vc_row css=&#8221;.vc_custom_1536592566897{margin-bottom: 20px !important;}&#8221;][vc_column][vc_single_image image=&#8221;11870&#8243; css=&#8221;.vc_custom_1536181451988{margin-bottom: 0px !important;}&#8221;][vc_row_inner css=&#8221;.vc_custom_1627487834042{padding-top: 20px !important;padding-bottom: 10px !important;}&#8221;][vc_column_inner][\/vc_column_inner][\/vc_row_inner][\/vc_column][\/vc_row][vc_row][vc_column][vc_column_text css=&#8221;.vc_custom_1644419850172{margin-bottom: 20px !important;}&#8221;]<\/p>\n<h2>Solicitar Contacto<\/h2>\n<p>[\/vc_column_text][\/vc_column][\/vc_row][vc_row css=&#8221;.vc_custom_1627491442112{margin-right: 0px !important;margin-bottom: 0px !important;margin-left: 0px !important;border-top-width: 1px !important;border-right-width: 1px !important;border-bottom-width: 1px !important;border-left-width: 1px !important;padding-top: 20px !important;padding-right: 25px !important;padding-bottom: 40px !important;padding-left: 25px !important;background: #f5f7fb url(https:\/\/thekleaner.qreativethemes.com\/wp-content\/uploads\/sites\/2\/2018\/06\/dots.png?id=11041) !important;background-position: center !important;background-repeat: no-repeat !important;background-size: cover !important;border-left-color: #f0f3f8 !important;border-left-style: solid !important;border-right-color: #f0f3f8 !important;border-right-style: solid !important;border-top-color: #f0f3f8 !important;border-top-style: solid !important;border-bottom-color: #f0f3f8 !important;border-bottom-style: solid !important;}&#8221;][vc_column css=&#8221;.vc_custom_1494255877376{padding-top: 0px !important;}&#8221;]<div role=\"form\" class=\"wpcf7\" id=\"wpcf7-f1650-o1\" lang=\"en-US\" dir=\"ltr\">\n<div class=\"screen-reader-response\"><p role=\"status\" aria-live=\"polite\" aria-atomic=\"true\"><\/p> <ul><\/ul><\/div>\n<form action=\"\/site\/wp-json\/wp\/v2\/pages\/12979#wpcf7-f1650-o1\" method=\"post\" class=\"wpcf7-form init\" novalidate=\"novalidate\" data-status=\"init\">\n<div style=\"display: none;\">\n<input type=\"hidden\" name=\"_wpcf7\" value=\"1650\" \/>\n<input type=\"hidden\" name=\"_wpcf7_version\" value=\"5.5.6\" \/>\n<input type=\"hidden\" name=\"_wpcf7_locale\" value=\"en_US\" \/>\n<input type=\"hidden\" name=\"_wpcf7_unit_tag\" value=\"wpcf7-f1650-o1\" \/>\n<input type=\"hidden\" name=\"_wpcf7_container_post\" value=\"0\" \/>\n<input type=\"hidden\" name=\"_wpcf7_posted_data_hash\" value=\"\" \/>\n<input type=\"hidden\" name=\"_wpcf7_recaptcha_response\" value=\"\" \/>\n<\/div>\n<div class=\"call-back\">\n<div class=\"row\">\n<div class=\"col-sm-12 col-lg-6\"> Nome <span class=\"wpcf7-form-control-wrap Nome\"><input type=\"text\" name=\"Nome\" value=\"\" size=\"40\" class=\"wpcf7-form-control wpcf7-text wpcf7-validates-as-required\" aria-required=\"true\" aria-invalid=\"false\" \/><\/span><\/div>\n<div class=\"col-sm-12 col-lg-6\"> Servi\u00e7o <span class=\"wpcf7-form-control-wrap service\"><select name=\"service\" class=\"wpcf7-form-control wpcf7-select wpcf7-validates-as-required\" aria-required=\"true\" aria-invalid=\"false\"><option value=\"Selecionar servi\u00e7o\">Selecionar servi\u00e7o<\/option><option value=\"Limpeza Industrial\">Limpeza Industrial<\/option><option value=\"Higiene Alimentar\">Higiene Alimentar<\/option><option value=\"\u00c1rea Ambiental\">\u00c1rea Ambiental<\/option><option value=\"Pest Control\">Pest Control<\/option><option value=\"Produtos de Limpeza\">Produtos de Limpeza<\/option><option value=\"Outros..\">Outros..<\/option><\/select><\/span><\/div>\n<\/div>\n<div class=\"row\">\n<div class=\"col-sm-12 col-lg-6\"> Telefone <span class=\"wpcf7-form-control-wrap telefone\"><input type=\"tel\" name=\"telefone\" value=\"\" size=\"40\" class=\"wpcf7-form-control wpcf7-text wpcf7-tel wpcf7-validates-as-required wpcf7-validates-as-tel\" aria-required=\"true\" aria-invalid=\"false\" \/><\/span><\/div>\n<div class=\"col-sm-12 col-lg-6\"> Localidade <span class=\"wpcf7-form-control-wrap Localidade\"><input type=\"text\" name=\"Localidade\" value=\"\" size=\"40\" class=\"wpcf7-form-control wpcf7-text wpcf7-validates-as-required\" aria-required=\"true\" aria-invalid=\"false\" \/><\/span> <\/div>\n<div class=\"col-sm-12 col-lg-6\"><input type=\"submit\" value=\"Solicitar Contacto\" class=\"wpcf7-form-control has-spinner wpcf7-submit\" \/><\/div>\n<\/div>\n<\/div>\n<div class=\"wpcf7-response-output\" aria-hidden=\"true\"><\/div><\/form><\/div>[\/vc_column][\/vc_row][vc_row full_width=&#8221;stretch_row_content&#8221; css=&#8221;.vc_custom_1644419882357{margin-top: 100px !important;margin-right: 0px !important;margin-bottom: 0px !important;margin-left: 0px !important;border-right-width: 0px !important;border-bottom-width: 0px !important;border-left-width: 0px !important;padding-top: 0px !important;padding-right: 0px !important;padding-bottom: 0px !important;padding-left: 0px !important;background-color: #6ab539 !important;}&#8221; el_class=&#8221;h-auto&#8221;][vc_column css=&#8221;.vc_custom_1644420006598{margin-right: 30px !important;margin-bottom: 0px !important;margin-left: 30px !important;border-right-width: 0px !important;border-bottom-width: 0px !important;border-left-width: 0px !important;padding-right: 70px !important;padding-bottom: 0px !important;padding-left: 0px !important;}&#8221; el_class=&#8221;h-auto&#8221;][vc_single_image image=&#8221;13189&#8243; img_size=&#8221;537&#215;100&#8243; alignment=&#8221;center&#8221;][\/vc_column][\/vc_row]<\/p>\n","protected":false},"excerpt":{"rendered":"<p>Oferecemos uma vasta gama de solu\u00e7\u00f5es nos servi\u00e7os de controlo de pragas e desinfec\u00e7\u00e3o.<\/p>\n","protected":false},"author":1,"featured_media":13036,"parent":794,"menu_order":0,"comment_status":"closed","ping_status":"closed","template":"","meta":{"_monsterinsights_skip_tracking":false,"_monsterinsights_sitenote_active":false,"_monsterinsights_sitenote_note":"","_monsterinsights_sitenote_category":0,"cybocfi_hide_featured_image":"","footnotes":""},"class_list":["post-12979","page","type-page","status-publish","has-post-thumbnail","hentry"],"yoast_head":"<!-- This site is optimized with the Yoast SEO plugin v16.6.1 - https:\/\/yoast.com\/wordpress\/plugins\/seo\/ -->\n<title>Pest Control - Saniambiente<\/title>\n<meta name=\"robots\" content=\"index, follow, max-snippet:-1, max-image-preview:large, max-video-preview:-1\" \/>\n<link rel=\"canonical\" href=\"https:\/\/saniambiente.com\/site\/servicos\/pest-control\/\" \/>\n<meta property=\"og:locale\" content=\"pt_PT\" \/>\n<meta property=\"og:type\" content=\"article\" \/>\n<meta property=\"og:title\" content=\"Pest Control - Saniambiente\" \/>\n<meta property=\"og:description\" content=\"Oferecemos uma vasta gama de solu\u00e7\u00f5es nos servi\u00e7os de controlo de pragas e desinfec\u00e7\u00e3o.\" \/>\n<meta property=\"og:url\" content=\"https:\/\/saniambiente.com\/site\/servicos\/pest-control\/\" \/>\n<meta property=\"og:site_name\" content=\"Saniambiente\" \/>\n<meta property=\"article:modified_time\" content=\"2022-05-06T16:21:38+00:00\" \/>\n<meta property=\"og:image\" content=\"https:\/\/saniambiente.com\/site\/wp-content\/uploads\/2021\/07\/Copia-de-Limpezas-3.jpg\" \/>\n\t<meta property=\"og:image:width\" content=\"850\" \/>\n\t<meta property=\"og:image:height\" content=\"425\" \/>\n<meta name=\"twitter:card\" content=\"summary_large_image\" \/>\n<meta name=\"twitter:label1\" content=\"Tempo estimado de leitura\" \/>\n\t<meta name=\"twitter:data1\" content=\"2 minutos\" \/>\n<script type=\"application\/ld+json\" class=\"yoast-schema-graph\">{\"@context\":\"https:\/\/schema.org\",\"@graph\":[{\"@type\":\"WebSite\",\"@id\":\"https:\/\/saniambiente.com\/site\/#website\",\"url\":\"https:\/\/saniambiente.com\/site\/\",\"name\":\"Saniambiente\",\"description\":\"Saniambiente\",\"potentialAction\":[{\"@type\":\"SearchAction\",\"target\":{\"@type\":\"EntryPoint\",\"urlTemplate\":\"https:\/\/saniambiente.com\/site\/?s={search_term_string}\"},\"query-input\":\"required name=search_term_string\"}],\"inLanguage\":\"pt-PT\"},{\"@type\":\"ImageObject\",\"@id\":\"https:\/\/saniambiente.com\/site\/servicos\/pest-control\/#primaryimage\",\"inLanguage\":\"pt-PT\",\"url\":\"https:\/\/saniambiente.com\/site\/wp-content\/uploads\/2021\/07\/Copia-de-Limpezas-3.jpg\",\"contentUrl\":\"https:\/\/saniambiente.com\/site\/wp-content\/uploads\/2021\/07\/Copia-de-Limpezas-3.jpg\",\"width\":850,\"height\":425},{\"@type\":\"WebPage\",\"@id\":\"https:\/\/saniambiente.com\/site\/servicos\/pest-control\/#webpage\",\"url\":\"https:\/\/saniambiente.com\/site\/servicos\/pest-control\/\",\"name\":\"Pest Control - Saniambiente\",\"isPartOf\":{\"@id\":\"https:\/\/saniambiente.com\/site\/#website\"},\"primaryImageOfPage\":{\"@id\":\"https:\/\/saniambiente.com\/site\/servicos\/pest-control\/#primaryimage\"},\"datePublished\":\"2021-07-29T11:08:02+00:00\",\"dateModified\":\"2022-05-06T16:21:38+00:00\",\"breadcrumb\":{\"@id\":\"https:\/\/saniambiente.com\/site\/servicos\/pest-control\/#breadcrumb\"},\"inLanguage\":\"pt-PT\",\"potentialAction\":[{\"@type\":\"ReadAction\",\"target\":[\"https:\/\/saniambiente.com\/site\/servicos\/pest-control\/\"]}]},{\"@type\":\"BreadcrumbList\",\"@id\":\"https:\/\/saniambiente.com\/site\/servicos\/pest-control\/#breadcrumb\",\"itemListElement\":[{\"@type\":\"ListItem\",\"position\":1,\"name\":\"In\\u00edcio\",\"item\":\"https:\/\/saniambiente.com\/site\/\"},{\"@type\":\"ListItem\",\"position\":2,\"name\":\"Servi\\u00e7os\",\"item\":\"https:\/\/saniambiente.com\/site\/servicos\/\"},{\"@type\":\"ListItem\",\"position\":3,\"name\":\"Pest Control\"}]}]}<\/script>\n<!-- \/ Yoast SEO plugin. -->","_links":{"self":[{"href":"https:\/\/saniambiente.com\/site\/wp-json\/wp\/v2\/pages\/12979","targetHints":{"allow":["GET"]}}],"collection":[{"href":"https:\/\/saniambiente.com\/site\/wp-json\/wp\/v2\/pages"}],"about":[{"href":"https:\/\/saniambiente.com\/site\/wp-json\/wp\/v2\/types\/page"}],"author":[{"embeddable":true,"href":"https:\/\/saniambiente.com\/site\/wp-json\/wp\/v2\/users\/1"}],"replies":[{"embeddable":true,"href":"https:\/\/saniambiente.com\/site\/wp-json\/wp\/v2\/comments?post=12979"}],"version-history":[{"count":13,"href":"https:\/\/saniambiente.com\/site\/wp-json\/wp\/v2\/pages\/12979\/revisions"}],"predecessor-version":[{"id":13305,"href":"https:\/\/saniambiente.com\/site\/wp-json\/wp\/v2\/pages\/12979\/revisions\/13305"}],"up":[{"embeddable":true,"href":"https:\/\/saniambiente.com\/site\/wp-json\/wp\/v2\/pages\/794"}],"wp:featuredmedia":[{"embeddable":true,"href":"https:\/\/saniambiente.com\/site\/wp-json\/wp\/v2\/media\/13036"}],"wp:attachment":[{"href":"https:\/\/saniambiente.com\/site\/wp-json\/wp\/v2\/media?parent=12979"}],"curies":[{"name":"wp","href":"https:\/\/api.w.org\/{rel}","templated":true}]}}