{"id":13078,"date":"2021-07-30T15:19:11","date_gmt":"2021-07-30T15:19:11","guid":{"rendered":"https:\/\/saniambiente.com\/site\/?page_id=13078"},"modified":"2022-02-17T12:48:35","modified_gmt":"2022-02-17T12:48:35","slug":"politica-de-privacidade","status":"publish","type":"page","link":"https:\/\/saniambiente.com\/site\/politica-de-privacidade\/","title":{"rendered":"Pol\u00edtica de Privacidade"},"content":{"rendered":"<p><strong>Compromisso com a Privacidade e a Prote\u00e7\u00e3o de Dados Pessoais<\/strong><\/p>\n<p>A Saniambiente respons\u00e1vel pelo presente website: www.saniamente.com, est\u00e1 empenhado e comprometido no cumprimento da legisla\u00e7\u00e3o de prote\u00e7\u00e3o de dados pessoais, da privacidade e da seguran\u00e7a de informa\u00e7\u00e3o, de forma a proteger os dados pessoais e a privacidade dos utilizadores relativamente aos dados pessoais recolhidos e\/ou transmitidos online aquando da utiliza\u00e7\u00e3o do nosso website.<\/p>\n<p>A seguran\u00e7a e a privacidade dos dados pessoais dos utilizadores do nosso site s\u00e3o preocupa\u00e7\u00f5es que assumem uma import\u00e2ncia crucial e relativamente \u00e0s quais a Saniambiente estar\u00e1 sempre totalmente comprometida com o cumprimento da legisla\u00e7\u00e3o em vigor.<\/p>\n<p>Os website da Saniambiente poder\u00e1 incluir op\u00e7\u00f5es relacionadas com plataformas de redes sociais, incluindo o bot\u00e3o \u201cPartilhar\u201d ou \u201cSeguir\u201d do Facebook, Twitter, Instagram, LinkedIn, WhatsApp e YouTube.<\/p>\n<p>As entidades respons\u00e1veis por essas plataformas de redes sociais podem proceder \u00e0 recolha do seu endere\u00e7o IP e a p\u00e1gina que esteja a visitar no nosso website e podem instalar um\u00a0<em>cookie<\/em>\u00a0no seu computador\/<em>browser<\/em>\u00a0de forma a permitir que a funcionalidade em causa seja executada corretamente. As suas intera\u00e7\u00f5es com as referidas entidades ser\u00e3o tidas ao abrigo da pol\u00edtica de privacidade da empresa que disponibiliza aquelas plataformas e respetivos servi\u00e7os.<\/p>\n<p>O website da Saniambiente pode tamb\u00e9m incluir liga\u00e7\u00f5es para outros sites cujas pr\u00e1ticas de privacidade sejam diferentes das da Saniambiente. Se submeter os seus dados pessoais a qualquer um desses sites, os seus dados pessoais ser\u00e3o geridos pelas pol\u00edticas de privacidade daqueles sites.<\/p>\n<p>&nbsp;<\/p>\n<p><strong>Recolha e Tratamento de Dados Pessoais<\/strong><\/p>\n<p>Os seus dados pessoais s\u00e3o pedidos o utilizador preenche um formul\u00e1rio online.<\/p>\n<p>A sua navega\u00e7\u00e3o atrav\u00e9s do website da Saniambiente pode tamb\u00e9m ser monitorizada para fins estat\u00edsticos, bem como, para fins de publicidade, nomeadamente, publicidade direcionada.<\/p>\n<p>A Saniambiente tamb\u00e9m recolhe informa\u00e7\u00f5es sobre o\u00a0<em>hardware<\/em>\u00a0e o\u00a0<em>software<\/em>\u00a0do seu computador. Essas informa\u00e7\u00f5es podem incluir seu endere\u00e7o IP, tipo de\u00a0<em>browser<\/em>, nomes de dom\u00ednio, hor\u00e1rios de acesso\/tempo de utiliza\u00e7\u00e3o do nosso website, conte\u00fados visualizados e endere\u00e7os dos sites de refer\u00eancia.<\/p>\n<p>As categorias de dados pessoais que est\u00e3o sujeitos a tratamento por parte da Saniambiente para os fins referidos nesta Pol\u00edtica s\u00e3o os seguintes:<\/p>\n<ul>\n<li>Nome;<\/li>\n<li>Email;<\/li>\n<li>N\u00famero de telefone;<\/li>\n<li>Endere\u00e7o de IP;<\/li>\n<li>Tipo de\u00a0<em>browser<\/em>\u00a0utilizado;<\/li>\n<li>Dom\u00ednio;<\/li>\n<li>Tempo de acesso ao website da Saniambiente;<\/li>\n<li>Endere\u00e7o dos sites de refer\u00eancia;<\/li>\n<li>G\u00e9nero;<\/li>\n<li>Data de nascimento.<\/li>\n<\/ul>\n<p><strong>Utiliza\u00e7\u00e3o e Finalidades dos Dados Pessoais Recolhidos<\/strong><\/p>\n<p>Os seus dados pessoais s\u00e3o recolhidos e necess\u00e1rios para assegurar a identidade do utilizador, sendo o fornecimento dos dados solicitados no ato de registo no website da Saniambiente sendo obrigat\u00f3rio para que o utilizador possa utilizar os servi\u00e7os dispon\u00edveis. No ato de registo, a informa\u00e7\u00e3o que o leitor disponibiliza tem por objetivo a presta\u00e7\u00e3o de um servi\u00e7o mais adequado \u00e0s suas caracter\u00edsticas e necessidades e ao envio de informa\u00e7\u00f5es relacionadas com a utiliza\u00e7\u00e3o dos servi\u00e7os prestados pela Saniambiente.<\/p>\n<p>O utilizador poder\u00e1 atualizar as informa\u00e7\u00f5es por si fornecidas, sempre que quiser e com total autonomia, enviando um email para <a href=\"mailto:geral@saniambiente.com\">geral@saniambiente.com<\/a> com o assunto: Altera\u00e7\u00e3o ou Elimina\u00e7\u00e3o de dados pessoais consoante a a\u00e7\u00e3o que pretender realizar.<\/p>\n<p>As opera\u00e7\u00f5es de fornecimento de dados pessoais est\u00e3o devidamente protegidas. Toda a informa\u00e7\u00e3o \u00e9 encriptada e gerida com as mais avan\u00e7adas ferramentas de seguran\u00e7a.<\/p>\n<p>Al\u00e9m das finalidades acima referidas, a Saniambiente poder\u00e1 ainda utilizar os seus dados pessoais para manter a qualidade dos servi\u00e7os disponibilizados e para obter estat\u00edsticas gerais relativas \u00e0 utiliza\u00e7\u00e3o do website. Para essas finalidades, a Saniambiente conjuga os dados recolhidos de forma autom\u00e1tica com dados pessoais, como o nome e endere\u00e7o de email.<\/p>\n<p>Os seus dados pessoais tamb\u00e9m poder\u00e3o ser utilizados pela Saniambiente para a Saniambiente comunicar consigo sobre produtos, servi\u00e7os, ofertas, promo\u00e7\u00f5es e eventos que a Saniambiente acredite serem do seu interesse ou para envio de newsletters. No entanto, o utilizador poder\u00e1 desativar o envio desse tipo de comunica\u00e7\u00f5es por parte da Saniambiente a qualquer momento, acionando a op\u00e7\u00e3o que lhe \u00e9 disponibilizada em cada newsletter recebida de interromper a subscri\u00e7\u00e3o da newsletter em causa, enviando um email para <u>geral@saniambiente.com<\/u>, ou por correio para Rua dos Bombeiros, n\u00ba14 \u2013 Maxial, 2565-475 Torres Vedras.<\/p>\n<p>A Saniambiente utiliza os seus dados pessoais internamente e apenas ir\u00e1 partilhar tais dados com terceiros quando o tenha solicitado ou o utilizador dado o seu consentimento para o efeito.<\/p>\n<p>A Saniambiente n\u00e3o proceder\u00e1 \u00e0 venda, aluguer, partilha ou oferta dos dados pessoais fornecidos pelos seus utilizadores, exceto nos termos da legisla\u00e7\u00e3o de prote\u00e7\u00e3o de dados pessoais aplic\u00e1vel e nas situa\u00e7\u00f5es previstas na presente Pol\u00edtica de Privacidade.<\/p>\n<p>&nbsp;<\/p>\n<p><strong>Licitude do Tratamento de Dados Pessoais<\/strong><\/p>\n<p>Todos os tratamentos de dados pessoais levados a cabo pela Saniambiente s\u00e3o l\u00edcitos e t\u00eam fundamento jur\u00eddico, seja (i) com base no seu consentimento relativamente ao tratamento dos dados pessoais em causa para as respetivas finalidades; seja (ii) porque o tratamento em causa \u00e9 necess\u00e1rio para a execu\u00e7\u00e3o de um contrato no qual a Saniambiente e o utilizador, enquanto titular dos dados pessoais, s\u00e3o partes, ou para dilig\u00eancias pr\u00e9-contratuais a pedido do titular de dados pessoais em causa; seja (iii) porque o tratamento \u00e9 necess\u00e1rio para o cumprimento de uma obriga\u00e7\u00e3o jur\u00eddica a que a Saniambiente esteja sujeita; seja (iv) porque o tratamento \u00e9 necess\u00e1rio para efeito dos interesses leg\u00edtimos prosseguidos pela Saniambiente, enquanto respons\u00e1vel pelo tratamento, ou por terceiros.<\/p>\n<p><strong>Conserva\u00e7\u00e3o de Dados Pessoais<\/strong><\/p>\n<p>A Saniambiente ir\u00e1 conservar os seus dados pessoais enquanto for necess\u00e1rio para a atividade relevante.<\/p>\n<p>Se quiser eliminar ou alterar os seus dados pessoais ou solicitar que os mesmos n\u00e3o mais sejam tratados pela Saniambiente, pode contactar-nos atrav\u00e9s do seguinte email:\u00a0<u>geral@saniambiente.com.<\/u><\/p>\n<p>Se solicitar a elimina\u00e7\u00e3o dos seus dados pessoais os mesmos ser\u00e3o apagados sem demora injustificada.<\/p>\n<p>A Saniambiente \u00e9 a \u00fanica respons\u00e1vel pela recolha de dados pessoais efetuada no website da Saniambiente. Sempre que o utilizador solicite a elimina\u00e7\u00e3o dos seus dados junto da Saniambiente, a Saniambiente n\u00e3o assume qualquer responsabilidade pela informa\u00e7\u00e3o recolhida fora das respetivas p\u00e1ginas eletr\u00f3nicas.<\/p>\n<p><strong>Pol\u00edtica de\u00a0<em>Cookies<\/em>\u00a0e Publicidade<\/strong><\/p>\n<p><strong>O que s\u00e3o\u00a0<em>cookies<\/em>\u00a0e como \u00e9 que a Saniambiente as utiliza?<\/strong><\/p>\n<p>Um\u00a0<em>cookie<\/em>\u00a0\u00e9 um pequeno ficheiro informativo que \u00e9 instalado no\u00a0<em>browser<\/em>\u00a0do leitor e armazenado no respetivo computador quando visita um site. S\u00e3o utilizados\u00a0<em>cookies<\/em>, por regra, para melhorar a experi\u00eancia do utilizador do site e o desempenho do site.<\/p>\n<p>A Saniambiente utiliza\u00a0<em>cookies<\/em>\u00a0para recolher e guardar informa\u00e7\u00e3o no \u00e2mbito da utiliza\u00e7\u00e3o do website da Saniambiente. A cada leitor corresponde um\u00a0<em>cookie<\/em>\u00a0individual, garantindo desta forma a privacidade e a seguran\u00e7a dos dados.<\/p>\n<p><strong>Como pode gerir os seus\u00a0<em>cookies<\/em>?<\/strong><\/p>\n<p>O utilizador do website da Saniambiente poder\u00e1 gerir os seus cookies nos termos abaixo descritos.<\/p>\n<p>Os diferentes\u00a0<em>browsers<\/em>\u00a0(navegadores) permitem visualizar os\u00a0<em>cookies<\/em>\u00a0que existem no seu equipamento e inibir ou apagar, individual ou totalmente, os\u00a0<em>cookies<\/em>.<\/p>\n<p>Para obter e consultar mais informa\u00e7\u00f5es sobre\u00a0<em>cookies<\/em>, a respetiva utiliza\u00e7\u00e3o e como gerir as suas prefer\u00eancias sobre\u00a0<em>cookies<\/em>, poder\u00e1 consultar as p\u00e1ginas de ajuda espec\u00edfica dos diferentes\u00a0<em>browsers<\/em>\u00a0(navegadores) ou p\u00e1ginas gen\u00e9ricas sobre este tema, por exemplo:<\/p>\n<ul>\n<li><u><a href=\"http:\/\/www.allaboutcookies.org\" target=\"_blank\" rel=\"noopener\">www.allaboutcookies.org<\/a><\/u><\/li>\n<li><a href=\"https:\/\/www.microsoft.com\/info\/cookies.mspx\" target=\"_blank\" rel=\"noopener\">www.microsoft.com\/info\/cookies.mspx<\/a><\/li>\n<li><a href=\"https:\/\/support.google.com\/chrome\/answer\/95647?hl=pt\" target=\"_blank\" rel=\"noopener\">Chrome<\/a><\/li>\n<li><a href=\"https:\/\/support.microsoft.com\/pt-pt\/help\/17442\/windows-internet-explorer-delete-manage-cookies#ie=ie-10\" target=\"_blank\" rel=\"noopener\">Internet Explorer<\/a><\/li>\n<li><a href=\"https:\/\/privacy.microsoft.com\/en-us\/windows-10-microsoft-edge-and-privacy\" target=\"_blank\" rel=\"noopener\">Edge<\/a><\/li>\n<li><a href=\"https:\/\/support.mozilla.org\/pt-PT\/kb\/ativar-e-desativar-cookies-que-os-websites-utiliza\" target=\"_blank\" rel=\"noopener\">Mozzila Firefox<\/a><\/li>\n<li><a href=\"https:\/\/support.apple.com\/kb\/PH17191?locale=en_US&amp;viewlocale=pt_PT\" target=\"_blank\" rel=\"noopener\">Apple<\/a><\/li>\n<li><a href=\"https:\/\/www.opera.com\/help\/tutorials\/security\/privacy\/\" target=\"_blank\" rel=\"noopener\">Opera<\/a><\/li>\n<\/ul>\n<p>&nbsp;<\/p>\n<p>&nbsp;<\/p>\n<p><strong>Seguran\u00e7a dos seus Dados Pessoais<\/strong><\/p>\n<p>A Saniambiente toma todas as precau\u00e7\u00f5es necess\u00e1rias e legalmente exigidas para garantir a prote\u00e7\u00e3o da informa\u00e7\u00e3o recolhida junto dos seus leitores atrav\u00e9s do website da Saniambiente.<\/p>\n<p>Sempre que seja recolhida ou utilizada informa\u00e7\u00e3o relativa a dados pessoais que se afigure particularmente sens\u00edvel, os dados ser\u00e3o encriptados atrav\u00e9s de protocolo SSL.<\/p>\n<p>Ao abrigo do protocolo SSL (Security Sockets Layer), 128 bits, que protege a transmiss\u00e3o de todos os dados sens\u00edveis pela Internet, toda a informa\u00e7\u00e3o \u00e9 tratada com o m\u00e1ximo de seguran\u00e7a. A sua privacidade \u00e9 assegurada e o risco de interce\u00e7\u00e3o de dados durante a comunica\u00e7\u00e3o \u00e9 reduzido significativamente ou totalmente.<\/p>\n<p><strong>Os seus Direitos enquanto Titular de Dados Pessoais ao abrigo do RGPD<\/strong><\/p>\n<p>Nos termos do RGPD, enquanto titular de dados pessoais e em rela\u00e7\u00e3o aos dados pessoais objeto de tratamento por parte da Saniambiente, os utilizadores t\u00eam os seguintes direitos, a exercer nos termos do RGPD e demais legisla\u00e7\u00e3o relativa a dados pessoais que seja aplic\u00e1vel:<\/p>\n<ul>\n<li>O direito de acesso aos seus dados pessoais;<\/li>\n<li>O direito de retifica\u00e7\u00e3o dos seus dados pessoais;<\/li>\n<li>O direito \u00e0 elimina\u00e7\u00e3o dos seus dados pessoais;<\/li>\n<li>O direito \u00e0 limita\u00e7\u00e3o do tratamento dos seus dados pessoais;<\/li>\n<li>O direito de portabilidade dos dados pessoais por si fornecidos;<\/li>\n<li>O direito de oposi\u00e7\u00e3o a determinado tratamento de dados pessoais que lhe digam respeito;<\/li>\n<li>O direito de n\u00e3o ficar sujeito a nenhuma decis\u00e3o tomada exclusivamente com base no tratamento automatizado.<\/li>\n<\/ul>\n<p>&nbsp;<\/p>\n<p><strong>Altera\u00e7\u00f5es \u00e0 Pol\u00edtica de Privacidade<\/strong><\/p>\n<p>A presente Pol\u00edtica poder\u00e1 ser atualizada ao longo do tempo, pelo que se aconselha a consulta desta Pol\u00edtica sempre que fornecer dados pessoais \u00e0 Saniambiente.<\/p>\n<p>Se n\u00e3o concordar com alguma altera\u00e7\u00e3o efetuada \u00e0 presente Pol\u00edtica, solicitamos que n\u00e3o continue a utilizar o website da Saniambiente para enviar ou, de alguma forma, submeter os seus dados pessoais \u00e0 Saniambiente.<\/p>\n<p><strong>Contactos<\/strong><\/p>\n<p>Para o exerc\u00edcio dos direitos de titulares de dados pessoais acima referidos, ou para qualquer outra quest\u00e3o relacionada com a prote\u00e7\u00e3o dos seus dados pessoais, privacidade ou seguran\u00e7a de informa\u00e7\u00e3o, poder\u00e1 contactar a Saniambiente atrav\u00e9s do seguinte email geral@saniambiente.com\u00a0descrevendo o assunto de forma sum\u00e1ria e indicando um endere\u00e7o de email, um n\u00famero de telefone ou morada para resposta por parte da Saniambiente.<\/p>\n<p>Para informa\u00e7\u00e3o, os contactos gerais da Saniambiente s\u00e3o os constantes e acess\u00edveis em\u00a0<u>www.saniambiente.com\/contactos.<\/u><\/p>\n<p>&nbsp;<\/p>\n","protected":false},"excerpt":{"rendered":"<p>Compromisso com a Privacidade e a Prote\u00e7\u00e3o de Dados Pessoais A Saniambiente respons\u00e1vel pelo presente website: www.saniamente.com, est\u00e1 empenhado e comprometido no cumprimento da legisla\u00e7\u00e3o de prote\u00e7\u00e3o de dados pessoais, da privacidade e da seguran\u00e7a de informa\u00e7\u00e3o, de forma a proteger os dados pessoais e a privacidade dos utilizadores relativamente aos dados pessoais recolhidos e\/ou&hellip;<\/p>\n","protected":false},"author":1,"featured_media":0,"parent":0,"menu_order":0,"comment_status":"closed","ping_status":"closed","template":"","meta":{"_monsterinsights_skip_tracking":false,"_monsterinsights_sitenote_active":false,"_monsterinsights_sitenote_note":"","_monsterinsights_sitenote_category":0,"cybocfi_hide_featured_image":"","footnotes":""},"class_list":["post-13078","page","type-page","status-publish","hentry"],"yoast_head":"<!-- This site is optimized with the Yoast SEO plugin v16.6.1 - https:\/\/yoast.com\/wordpress\/plugins\/seo\/ -->\n<title>Pol\u00edtica de Privacidade - Saniambiente<\/title>\n<meta name=\"robots\" content=\"index, follow, max-snippet:-1, max-image-preview:large, max-video-preview:-1\" \/>\n<link rel=\"canonical\" href=\"https:\/\/saniambiente.com\/site\/politica-de-privacidade\/\" \/>\n<meta property=\"og:locale\" content=\"pt_PT\" \/>\n<meta property=\"og:type\" content=\"article\" \/>\n<meta property=\"og:title\" content=\"Pol\u00edtica de Privacidade - Saniambiente\" \/>\n<meta property=\"og:description\" content=\"Compromisso com a Privacidade e a Prote\u00e7\u00e3o de Dados Pessoais A Saniambiente respons\u00e1vel pelo presente website: www.saniamente.com, est\u00e1 empenhado e comprometido no cumprimento da legisla\u00e7\u00e3o de prote\u00e7\u00e3o de dados pessoais, da privacidade e da seguran\u00e7a de informa\u00e7\u00e3o, de forma a proteger os dados pessoais e a privacidade dos utilizadores relativamente aos dados pessoais recolhidos e\/ou&hellip;\" \/>\n<meta property=\"og:url\" content=\"https:\/\/saniambiente.com\/site\/politica-de-privacidade\/\" \/>\n<meta property=\"og:site_name\" content=\"Saniambiente\" \/>\n<meta property=\"article:modified_time\" content=\"2022-02-17T12:48:35+00:00\" \/>\n<meta name=\"twitter:card\" content=\"summary_large_image\" \/>\n<meta name=\"twitter:label1\" content=\"Tempo estimado de leitura\" \/>\n\t<meta name=\"twitter:data1\" content=\"7 minutos\" \/>\n<script type=\"application\/ld+json\" class=\"yoast-schema-graph\">{\"@context\":\"https:\/\/schema.org\",\"@graph\":[{\"@type\":\"WebSite\",\"@id\":\"https:\/\/saniambiente.com\/site\/#website\",\"url\":\"https:\/\/saniambiente.com\/site\/\",\"name\":\"Saniambiente\",\"description\":\"Saniambiente\",\"potentialAction\":[{\"@type\":\"SearchAction\",\"target\":{\"@type\":\"EntryPoint\",\"urlTemplate\":\"https:\/\/saniambiente.com\/site\/?s={search_term_string}\"},\"query-input\":\"required name=search_term_string\"}],\"inLanguage\":\"pt-PT\"},{\"@type\":\"WebPage\",\"@id\":\"https:\/\/saniambiente.com\/site\/politica-de-privacidade\/#webpage\",\"url\":\"https:\/\/saniambiente.com\/site\/politica-de-privacidade\/\",\"name\":\"Pol\\u00edtica de Privacidade - Saniambiente\",\"isPartOf\":{\"@id\":\"https:\/\/saniambiente.com\/site\/#website\"},\"datePublished\":\"2021-07-30T15:19:11+00:00\",\"dateModified\":\"2022-02-17T12:48:35+00:00\",\"breadcrumb\":{\"@id\":\"https:\/\/saniambiente.com\/site\/politica-de-privacidade\/#breadcrumb\"},\"inLanguage\":\"pt-PT\",\"potentialAction\":[{\"@type\":\"ReadAction\",\"target\":[\"https:\/\/saniambiente.com\/site\/politica-de-privacidade\/\"]}]},{\"@type\":\"BreadcrumbList\",\"@id\":\"https:\/\/saniambiente.com\/site\/politica-de-privacidade\/#breadcrumb\",\"itemListElement\":[{\"@type\":\"ListItem\",\"position\":1,\"name\":\"In\\u00edcio\",\"item\":\"https:\/\/saniambiente.com\/site\/\"},{\"@type\":\"ListItem\",\"position\":2,\"name\":\"Pol\\u00edtica de Privacidade\"}]}]}<\/script>\n<!-- \/ Yoast SEO plugin. -->","_links":{"self":[{"href":"https:\/\/saniambiente.com\/site\/wp-json\/wp\/v2\/pages\/13078","targetHints":{"allow":["GET"]}}],"collection":[{"href":"https:\/\/saniambiente.com\/site\/wp-json\/wp\/v2\/pages"}],"about":[{"href":"https:\/\/saniambiente.com\/site\/wp-json\/wp\/v2\/types\/page"}],"author":[{"embeddable":true,"href":"https:\/\/saniambiente.com\/site\/wp-json\/wp\/v2\/users\/1"}],"replies":[{"embeddable":true,"href":"https:\/\/saniambiente.com\/site\/wp-json\/wp\/v2\/comments?post=13078"}],"version-history":[{"count":3,"href":"https:\/\/saniambiente.com\/site\/wp-json\/wp\/v2\/pages\/13078\/revisions"}],"predecessor-version":[{"id":13255,"href":"https:\/\/saniambiente.com\/site\/wp-json\/wp\/v2\/pages\/13078\/revisions\/13255"}],"wp:attachment":[{"href":"https:\/\/saniambiente.com\/site\/wp-json\/wp\/v2\/media?parent=13078"}],"curies":[{"name":"wp","href":"https:\/\/api.w.org\/{rel}","templated":true}]}}