{"id":13295,"date":"2022-04-20T08:31:05","date_gmt":"2022-04-20T08:31:05","guid":{"rendered":"https:\/\/saniambiente.com\/site\/?page_id=13295"},"modified":"2022-04-20T08:31:05","modified_gmt":"2022-04-20T08:31:05","slug":"politica-de-cookies","status":"publish","type":"page","link":"https:\/\/saniambiente.com\/site\/politica-de-cookies\/","title":{"rendered":"Pol\u00edtica de Cookies"},"content":{"rendered":"<p><strong>Pol\u00edtica de cookies<\/strong><\/p>\n<p>Esta Pol\u00edtica de Cookies \u00e9 parte integrante de Privacidade\u00a0do\u00a0<em>site<\/em>\u00a0<u><a href=\"www.saniambiente.com\">www.saniambiente.com\u00a0<\/a><\/u>(doravante denominado &#8220;<em>site<\/em>&#8220;).<\/p>\n<p>&nbsp;<\/p>\n<p><strong>O que \u00e9 um Cookie?<\/strong><\/p>\n<p>Os\u00a0<em>cookies<\/em>\u00a0s\u00e3o arquivos ou ficheiros de texto que cont\u00eam pequenas quantidades de informa\u00e7\u00f5es que s\u00e3o descarregadas e guardadas no dispositivo do utilizador, atrav\u00e9s do seu\u00a0<em>browser<\/em>, quando visita uma p\u00e1gina da Web.<\/p>\n<p>Os\u00a0<em>cookies\u00a0<\/em>podem ser categorizados face ao prop\u00f3sito que servem. Existem\u00a0<em>cookies<\/em>\u00a0que s\u00e3o estritamente necess\u00e1rios ao funcionamento do\u00a0<em>site<\/em>, enquanto outros recolhem informa\u00e7\u00e3o estat\u00edstica com o intuito de analisar a utiliza\u00e7\u00e3o do\u00a0<em>site\u00a0<\/em>e respetivo desempenho ou s\u00e3o utilizados para assegurar a disponibiliza\u00e7\u00e3o de funcionalidades adicionais ao\u00a0<em>site\u00a0<\/em>ou para guardar as prefer\u00eancias do visitante relativamente \u00e0 navega\u00e7\u00e3o no mesmo, sempre que utilizar o mesmo dispositivo. Outros\u00a0<em>cookies<\/em>\u00a0podem ainda servir para medir o sucesso de aplica\u00e7\u00f5es e a efic\u00e1cia da publicidade de terceiros.<\/p>\n<p>Os\u00a0<em>cookies<\/em>\u00a0s\u00e3o essenciais para o funcionamento da Internet; n\u00e3o danificam o equipamento ou dispositivo do utilizador e, se estiverem ativados na configura\u00e7\u00e3o do seu navegador, ajudam a identificar e resolver poss\u00edveis erros na opera\u00e7\u00e3o do\u00a0<em>site<\/em>.<\/p>\n<p>&nbsp;<\/p>\n<p><strong>Porqu\u00ea utilizar cookies?<\/strong><\/p>\n<p>O objetivo principal \u00e9 simplificar a navega\u00e7\u00e3o e permitir ao utilizador um melhor uso do\u00a0<em>site<\/em>. Para esse efeito, o utilizador \u00e9 reconhecido sempre que acede ao\u00a0<em>site<\/em>, eliminando a necessidade de introduzir repetidamente as mesmas informa\u00e7\u00f5es e, deste modo, permitindo uma navega\u00e7\u00e3o mais r\u00e1pida, eficiente e com melhor qualidade. As informa\u00e7\u00f5es recolhidas pelos\u00a0<em>cookies<\/em>\u00a0permitem, ainda, \u00e0 Saniambiente melhorar o\u00a0<em>site<\/em>.<\/p>\n<p>&nbsp;<\/p>\n<p><strong><em>Cookies<\/em><\/strong><strong>\u00a0utilizados e respetivas funcionalidades<\/strong><\/p>\n<p>A Saniambiente\u00a0utiliza\u00a0<em>cookies<\/em>\u00a0para os prop\u00f3sitos a seguir identificados. Caso a Saniambiente\u00a0venha a utilizar outros\u00a0<em>cookies<\/em>\u00a0com a finalidade de conceder mais e melhores servi\u00e7os, o utilizador ser\u00e1 devidamente informado.<\/p>\n<table width=\"1170\">\n<thead>\n<tr>\n<td width=\"148\"><\/td>\n<td width=\"110\"><\/td>\n<td width=\"145\"><\/td>\n<td width=\"93\"><\/td>\n<td width=\"575\"><\/td>\n<\/tr>\n<\/thead>\n<\/table>\n<p>&nbsp;<\/p>\n<table width=\"1170\">\n<thead>\n<tr>\n<td><strong>Nome do cookie<\/strong><\/td>\n<td><strong>Entidade respons\u00e1vel<\/strong><\/td>\n<td><strong>Validade<\/strong><\/td>\n<td><strong>Tipo de cookie<\/strong><\/td>\n<td><strong>Finalidade<\/strong><\/td>\n<\/tr>\n<\/thead>\n<tbody>\n<tr>\n<td>Cookies de Utiliza\u00e7\u00e3o \/ estat\u00edstica<\/td>\n<td>Google analytics<\/td>\n<td>Definido pela Google<\/td>\n<td>Opcional<\/td>\n<td>Cookie utilizado para manter os registos de utiliza\u00e7\u00e3o do s\u00edtio e utilizados pelo servi\u00e7o Google Analytics.<\/td>\n<\/tr>\n<\/tbody>\n<\/table>\n<p>Para fazer opt-out de ser monitorizado ou de manter um rastro digital pelo Google Analytics atrav\u00e9s dos s\u00edtios que visita por favor consulte a informa\u00e7\u00e3o:\u00a0\u00a0<u><a href=\"https:\/\/tools.google.com\/dlpage\/gaoptout\">https:\/\/tools.google.com\/dlpage\/gaoptout<\/a><\/u>.<\/p>\n<p>&nbsp;<\/p>\n<p><strong>Devo aceitar a utiliza\u00e7\u00e3o de\u00a0<em>cookies<\/em>?<\/strong><\/p>\n<p>\u00c9 importante referir que a utiliza\u00e7\u00e3o de\u00a0<em>cookies<\/em>\u00a0\u00e9 essencial para o correto funcionamento do\u00a0<em>site<\/em>\u00a0na sua totalidade, pelo que a sua aceita\u00e7\u00e3o \u00e9 recomendada.<\/p>\n<p>&nbsp;<\/p>\n<p><strong>Como posso modificar as minhas prefer\u00eancias na gest\u00e3o dos cookies?<\/strong><\/p>\n<p>Pode a qualquer momento revogar o consentimento ou modificar as prefer\u00eancias em termos de gest\u00e3o de\u00a0<em>cookies<\/em>\u00a0na p\u00e1gina referente aos cookies do s\u00edtio.<\/p>\n<p>Em alternativa a maioria dos navegadores permite o controlo sobre os\u00a0<em>cookies\u00a0<\/em>armazenados nos dispositivos do visitante, bem como a sua elimina\u00e7\u00e3o imediata, caso o utilizador pretenda deixar de permitir o armazenamento local de\u00a0<em>cookies<\/em>. Para tal pode encontrar mais informa\u00e7\u00e3o nos s\u00edtios:\u00a0<a href=\"http:\/\/www.aboutcookies.org\/\">www.aboutcookies.org<\/a>\u00a0ou\u00a0<a href=\"http:\/\/www.allaboutcookies.org\/\">www.allaboutcookies.org<\/a>.<\/p>\n<p>Os utilizadores podem sempre configurar os dispositivos e os navegadores que utilizam para aceitarem todos ou alguns\u00a0<em>cookies<\/em>, para os notificarem sempre que um\u00a0<em>cookie<\/em>\u00a0\u00e9 emitido, ou para nunca receberem\u00a0<em>cookies<\/em>.<\/p>\n<p>Pode encontrar informa\u00e7\u00e3o mais espec\u00edfica em como gerir as prefer\u00eancias em rela\u00e7\u00e3o aos\u00a0<em>cookies<\/em>\u00a0pelos navegadores mais populares em:<\/p>\n<ul>\n<li><a href=\"https:\/\/support.google.com\/accounts\/answer\/61416?co=GENIE.Platform%3DDesktop&amp;hl=en\">Google Chrome<\/a><\/li>\n<li><a href=\"https:\/\/privacy.microsoft.com\/en-us\/windows-10-microsoft-edge-and-privacy\">Microsoft Edge<\/a><\/li>\n<li><a href=\"https:\/\/support.mozilla.org\/en-US\/kb\/enable-and-disable-cookies-website-preferences\">Mozilla Firefox<\/a><\/li>\n<li><a href=\"https:\/\/support.microsoft.com\/en-gb\/help\/17442\/windows-internet-explorer-delete-manage-cookies\">Microsoft Internet Explorer<\/a><\/li>\n<li><a href=\"https:\/\/www.opera.com\/help\/tutorials\/security\/privacy\/\">Opera<\/a><\/li>\n<li><a href=\"https:\/\/support.apple.com\/en-gb\/safari\">Apple Safari<\/a><\/li>\n<\/ul>\n<p>Pode sempre encontrar informa\u00e7\u00e3o relativa \u00e0 gest\u00e3o de\u00a0<em>cookies<\/em>\u00a0relativas a outros navegadores visitando o s\u00edtio do fornecedor.<\/p>\n<p>&nbsp;<\/p>\n<p><strong>Funcionalidade &#8220;<em>do-not-track&#8221;<\/em><\/strong><\/p>\n<p>&#8220;<em>Do-not-track&#8221;\u00a0<\/em>\u00e9 uma funcionalidade que permite aos visitantes n\u00e3o serem rastreados pelos s\u00edtios e encontra-se dispon\u00edvel na maior parte dos navegadores, incluindo:\u00a0Firefox,\u00a0Internet Explorer,\u00a0Chrome,\u00a0Safari,\u00a0Opera.<\/p>\n<p>&nbsp;<\/p>\n<p><strong>Social Media\u00a0<em>cookies<\/em><\/strong><\/p>\n<p>A Saniambiente como medida para divulgar a sua atividade, encontra-se presente nas principais redes sociais como o Instagram, Facebook e LinkedIn.<\/p>\n<ul>\n<li>O\u00a0<em>site<\/em>da Saniambiente n\u00e3o define\u00a0<em>cookies<\/em>\u00a0ao exibir liga\u00e7\u00f5es nos nossos canais de\u00a0<em>social\u00a0media<\/em>\u00a0quando navega no nosso s\u00edtio.<\/li>\n<li>Pode seguir as liga\u00e7\u00f5es do nosso\u00a0<em>site<\/em>para o Instagram, Facebook e LinkedIn.<\/li>\n<li>O mesmo acontece ao clicar no bot\u00e3o de liga\u00e7\u00e3o ao LinkedIn, em que ser\u00e1 redirecionado para o\u00a0<em>site<\/em>do LinkedIn que tem a sua pr\u00f3pria pol\u00edtica de privacidade e de\u00a0<em>cookies<\/em>.<\/li>\n<\/ul>\n","protected":false},"excerpt":{"rendered":"<p>Pol\u00edtica de cookies Esta Pol\u00edtica de Cookies \u00e9 parte integrante de Privacidade\u00a0do\u00a0site\u00a0www.saniambiente.com\u00a0(doravante denominado &#8220;site&#8220;). &nbsp; O que \u00e9 um Cookie? Os\u00a0cookies\u00a0s\u00e3o arquivos ou ficheiros de texto que cont\u00eam pequenas quantidades de informa\u00e7\u00f5es que s\u00e3o descarregadas e guardadas no dispositivo do utilizador, atrav\u00e9s do seu\u00a0browser, quando visita uma p\u00e1gina da Web. Os\u00a0cookies\u00a0podem ser categorizados face ao&hellip;<\/p>\n","protected":false},"author":1,"featured_media":0,"parent":0,"menu_order":0,"comment_status":"closed","ping_status":"closed","template":"","meta":{"_monsterinsights_skip_tracking":false,"_monsterinsights_sitenote_active":false,"_monsterinsights_sitenote_note":"","_monsterinsights_sitenote_category":0,"cybocfi_hide_featured_image":"","footnotes":""},"class_list":["post-13295","page","type-page","status-publish","hentry"],"yoast_head":"<!-- This site is optimized with the Yoast SEO plugin v16.6.1 - https:\/\/yoast.com\/wordpress\/plugins\/seo\/ -->\n<title>Pol\u00edtica de Cookies - Saniambiente<\/title>\n<meta name=\"robots\" content=\"index, follow, max-snippet:-1, max-image-preview:large, max-video-preview:-1\" \/>\n<link rel=\"canonical\" href=\"https:\/\/saniambiente.com\/site\/politica-de-cookies\/\" \/>\n<meta property=\"og:locale\" content=\"pt_PT\" \/>\n<meta property=\"og:type\" content=\"article\" \/>\n<meta property=\"og:title\" content=\"Pol\u00edtica de Cookies - Saniambiente\" \/>\n<meta property=\"og:description\" content=\"Pol\u00edtica de cookies Esta Pol\u00edtica de Cookies \u00e9 parte integrante de Privacidade\u00a0do\u00a0site\u00a0www.saniambiente.com\u00a0(doravante denominado &#8220;site&#8220;). &nbsp; O que \u00e9 um Cookie? Os\u00a0cookies\u00a0s\u00e3o arquivos ou ficheiros de texto que cont\u00eam pequenas quantidades de informa\u00e7\u00f5es que s\u00e3o descarregadas e guardadas no dispositivo do utilizador, atrav\u00e9s do seu\u00a0browser, quando visita uma p\u00e1gina da Web. Os\u00a0cookies\u00a0podem ser categorizados face ao&hellip;\" \/>\n<meta property=\"og:url\" content=\"https:\/\/saniambiente.com\/site\/politica-de-cookies\/\" \/>\n<meta property=\"og:site_name\" content=\"Saniambiente\" \/>\n<meta name=\"twitter:card\" content=\"summary_large_image\" \/>\n<meta name=\"twitter:label1\" content=\"Tempo estimado de leitura\" \/>\n\t<meta name=\"twitter:data1\" content=\"3 minutos\" \/>\n<script type=\"application\/ld+json\" class=\"yoast-schema-graph\">{\"@context\":\"https:\/\/schema.org\",\"@graph\":[{\"@type\":\"WebSite\",\"@id\":\"https:\/\/saniambiente.com\/site\/#website\",\"url\":\"https:\/\/saniambiente.com\/site\/\",\"name\":\"Saniambiente\",\"description\":\"Saniambiente\",\"potentialAction\":[{\"@type\":\"SearchAction\",\"target\":{\"@type\":\"EntryPoint\",\"urlTemplate\":\"https:\/\/saniambiente.com\/site\/?s={search_term_string}\"},\"query-input\":\"required name=search_term_string\"}],\"inLanguage\":\"pt-PT\"},{\"@type\":\"WebPage\",\"@id\":\"https:\/\/saniambiente.com\/site\/politica-de-cookies\/#webpage\",\"url\":\"https:\/\/saniambiente.com\/site\/politica-de-cookies\/\",\"name\":\"Pol\\u00edtica de Cookies - Saniambiente\",\"isPartOf\":{\"@id\":\"https:\/\/saniambiente.com\/site\/#website\"},\"datePublished\":\"2022-04-20T08:31:05+00:00\",\"dateModified\":\"2022-04-20T08:31:05+00:00\",\"breadcrumb\":{\"@id\":\"https:\/\/saniambiente.com\/site\/politica-de-cookies\/#breadcrumb\"},\"inLanguage\":\"pt-PT\",\"potentialAction\":[{\"@type\":\"ReadAction\",\"target\":[\"https:\/\/saniambiente.com\/site\/politica-de-cookies\/\"]}]},{\"@type\":\"BreadcrumbList\",\"@id\":\"https:\/\/saniambiente.com\/site\/politica-de-cookies\/#breadcrumb\",\"itemListElement\":[{\"@type\":\"ListItem\",\"position\":1,\"name\":\"In\\u00edcio\",\"item\":\"https:\/\/saniambiente.com\/site\/\"},{\"@type\":\"ListItem\",\"position\":2,\"name\":\"Pol\\u00edtica de Cookies\"}]}]}<\/script>\n<!-- \/ Yoast SEO plugin. -->","_links":{"self":[{"href":"https:\/\/saniambiente.com\/site\/wp-json\/wp\/v2\/pages\/13295","targetHints":{"allow":["GET"]}}],"collection":[{"href":"https:\/\/saniambiente.com\/site\/wp-json\/wp\/v2\/pages"}],"about":[{"href":"https:\/\/saniambiente.com\/site\/wp-json\/wp\/v2\/types\/page"}],"author":[{"embeddable":true,"href":"https:\/\/saniambiente.com\/site\/wp-json\/wp\/v2\/users\/1"}],"replies":[{"embeddable":true,"href":"https:\/\/saniambiente.com\/site\/wp-json\/wp\/v2\/comments?post=13295"}],"version-history":[{"count":1,"href":"https:\/\/saniambiente.com\/site\/wp-json\/wp\/v2\/pages\/13295\/revisions"}],"predecessor-version":[{"id":13296,"href":"https:\/\/saniambiente.com\/site\/wp-json\/wp\/v2\/pages\/13295\/revisions\/13296"}],"wp:attachment":[{"href":"https:\/\/saniambiente.com\/site\/wp-json\/wp\/v2\/media?parent=13295"}],"curies":[{"name":"wp","href":"https:\/\/api.w.org\/{rel}","templated":true}]}}