{"id":40,"date":"2016-03-07T15:23:44","date_gmt":"2016-03-07T15:23:44","guid":{"rendered":"http:\/\/qt.dev\/dev\/thecleaner\/?page_id=40"},"modified":"2022-05-06T16:19:12","modified_gmt":"2022-05-06T16:19:12","slug":"home","status":"publish","type":"page","link":"https:\/\/saniambiente.com\/site\/","title":{"rendered":"Saniambiente Facility Services"},"content":{"rendered":"<p>[vc_row full_width=&#8221;stretch_row_content_no_spaces&#8221;][vc_column][qt_slider slider_mouse_drag=&#8221;true&#8221; slider_animation=&#8221;horizontal&#8221; slider_autoplay=&#8221;true&#8221; slider_autoplay_hover=&#8221;&#8221; slider_caption_animation=&#8221;&#8221; slider_fixed_height=&#8221;&#8221; slider_caption_mobile=&#8221;&#8221; slider_featured_carousel=&#8221;hide&#8221; slider_captions=&#8221;yes&#8221; slider_overlay=&#8221;no&#8221; slider_img_size=&#8221;medium&#8221;][qt_slider_slide slide_button=&#8221;no&#8221; slide_caption_align=&#8221;center&#8221; slide_heading_tag=&#8221;h2&#8243; slide_type=&#8221;slide_type_image&#8221; slide_heading=&#8221;Melhor solu\u00e7\u00e3o<br \/>\nem todas as \u00e1reas de limpeza&#8221; slide_image=&#8221;12701&#8243; slider_overlay=&#8221;rgba(4,10,16,0.4)&#8221;]<a href=\"https:\/\/saniambiente.com\/site\/servicos\/\" class=\"btn btn-theme\" target=\"_self\" > Servi\u00e7os <\/a> <a href=\"https:\/\/saniambiente.com\/site\/pedido-orcamento\/\" class=\"btn btn-outline lighter\" target=\"_self\" > Solicitar O\u00e7amento <\/a>[\/qt_slider_slide][qt_slider_slide slide_button=&#8221;no&#8221; slide_caption_align=&#8221;center&#8221; slide_heading_tag=&#8221;h2&#8243; slide_type=&#8221;slide_type_image&#8221; slide_heading=&#8221;COVID-19<br \/>\nRetorno \u00e0 normalidade em seguran\u00e7a&#8221; slide_image=&#8221;12783&#8243; slider_overlay=&#8221;rgba(4,10,16,0.4)&#8221;]<a href=\"\" class=\"btn btn-theme\" target=\"_self\" > Ver Servi\u00e7os <\/a> <a href=\"https:\/\/saniambiente.com\/site\/pedido-orcamento\/\" class=\"btn btn-outline lighter\" target=\"_self\" > Solicitar Or\u00e7amento <\/a>[\/qt_slider_slide][qt_slider_slide slide_button=&#8221;no&#8221; slide_caption_align=&#8221;center&#8221; slide_heading_tag=&#8221;h2&#8243; slide_type=&#8221;slide_type_image&#8221; slide_heading=&#8221;Preven\u00e7\u00e3o e interven\u00e7\u00e3o<br \/>\nespecialistas em controlo de pragas&#8221; slide_image=&#8221;12787&#8243; slider_overlay=&#8221;rgba(4,10,16,0.4)&#8221;]<a href=\"https:\/\/saniambiente.com\/site\/servicos\/pest-control\/\" class=\"btn btn-theme\" target=\"_self\" > Ver Servi\u00e7o <\/a> <a href=\"https:\/\/saniambiente.com\/site\/pedido-orcamento\/\" class=\"btn btn-outline lighter\" target=\"_self\" > Solicitar Or\u00e7amento <\/a>[\/qt_slider_slide][qt_slider_slide slide_button=&#8221;no&#8221; slide_caption_align=&#8221;center&#8221; slide_heading_tag=&#8221;h2&#8243; slide_type=&#8221;slide_type_image&#8221; slide_heading=&#8221;Qualidade e Ambiente<br \/>\nCertifica\u00e7\u00e3o ISO e CEPA&#8221; slide_image=&#8221;12864&#8243; slider_overlay=&#8221;rgba(4,10,16,0.4)&#8221;]<a href=\"https:\/\/saniambiente.com\/site\/certificados\/\" class=\"btn btn-theme\" target=\"_self\" > Certificados <\/a> <a href=\"https:\/\/saniambiente.com\/site\/pedido-orcamento\/\" class=\"btn btn-outline lighter\" target=\"_self\" > Solicitar Or\u00e7amento <\/a>[\/qt_slider_slide][\/qt_slider][\/vc_column][\/vc_row][vc_row full_width=&#8221;stretch_row&#8221; css_animation=&#8221;none&#8221; type=&#8221;container&#8221; padding_top=&#8221;&#8221; padding_bottom=&#8221;&#8221; css=&#8221;.vc_custom_1626953205264{margin-bottom: 45px !important;padding-top: 85px !important;padding-bottom: 45px !important;background: #f5f7fb url(https:\/\/saniambiente.com\/site\/wp-content\/uploads\/2018\/06\/steps-bg-1.png?id=11039) !important;background-position: center !important;background-repeat: no-repeat !important;background-size: contain !important;}&#8221;][vc_column width=&#8221;1\/6&#8243; css=&#8221;.vc_custom_1626974139340{padding-top: 0px !important;}&#8221; offset=&#8221;vc_hidden-xs&#8221;][vc_single_image image=&#8221;12862&#8243; img_size=&#8221;&#8221;][\/vc_column][vc_column width=&#8221;1\/6&#8243; css=&#8221;.vc_custom_1626953022500{padding-top: 110px !important;}&#8221; offset=&#8221;vc_hidden-xs&#8221;][qt_animate_element css_animation=&#8221;bottom-to-top&#8221; animation_delay=&#8221;delay-100&#8243; animation_duration=&#8221;&#8221;][vc_single_image image=&#8221;12853&#8243; img_size=&#8221;&#8221; onclick=&#8221;custom_link&#8221; css_animation=&#8221;bottom-to-top&#8221; link=&#8221;https:\/\/saniambiente.com\/site\/servicos\/limpeza-industrial\/&#8221;][\/qt_animate_element][\/vc_column][vc_column width=&#8221;1\/6&#8243; css=&#8221;.vc_custom_1626953029005{padding-top: 110px !important;}&#8221; offset=&#8221;vc_hidden-xs&#8221;][qt_animate_element css_animation=&#8221;bottom-to-top&#8221; animation_delay=&#8221;delay-200&#8243; animation_duration=&#8221;&#8221;][vc_single_image image=&#8221;12854&#8243; img_size=&#8221;&#8221; onclick=&#8221;custom_link&#8221; css_animation=&#8221;bottom-to-top&#8221; link=&#8221;https:\/\/saniambiente.com\/site\/servicos\/higiene-alimentar\/&#8221;][\/qt_animate_element][\/vc_column][vc_column width=&#8221;1\/6&#8243; css=&#8221;.vc_custom_1626974153060{padding-top: 110px !important;}&#8221; offset=&#8221;vc_hidden-xs&#8221;][qt_animate_element css_animation=&#8221;bottom-to-top&#8221; animation_delay=&#8221;delay-300&#8243; animation_duration=&#8221;&#8221;][vc_single_image image=&#8221;12852&#8243; img_size=&#8221;&#8221; onclick=&#8221;custom_link&#8221; css_animation=&#8221;bottom-to-top&#8221; link=&#8221;https:\/\/saniambiente.com\/site\/servicos\/pest-control\/&#8221;][\/qt_animate_element][\/vc_column][vc_column width=&#8221;1\/6&#8243; css=&#8221;.vc_custom_1626973465243{padding-top: 110px !important;}&#8221; offset=&#8221;vc_hidden-xs&#8221;][qt_animate_element css_animation=&#8221;bottom-to-top&#8221; animation_delay=&#8221;delay-400&#8243; animation_duration=&#8221;&#8221;][vc_single_image image=&#8221;12855&#8243; img_size=&#8221;&#8221; onclick=&#8221;custom_link&#8221; css_animation=&#8221;bottom-to-top&#8221; link=&#8221;https:\/\/saniambiente.com\/site\/servicos\/area-ambiental\/&#8221;][\/qt_animate_element][\/vc_column][vc_column width=&#8221;1\/6&#8243; css=&#8221;.vc_custom_1626973471091{padding-top: 110px !important;}&#8221; offset=&#8221;vc_hidden-xs&#8221;][qt_animate_element css_animation=&#8221;bottom-to-top&#8221; animation_delay=&#8221;delay-400&#8243; animation_duration=&#8221;&#8221;][vc_single_image image=&#8221;12856&#8243; img_size=&#8221;&#8221; onclick=&#8221;custom_link&#8221; css_animation=&#8221;bottom-to-top&#8221; link=&#8221;https:\/\/saniambiente.com\/site\/servicos\/produtos-limpeza\/&#8221;][\/qt_animate_element][\/vc_column][\/vc_row][vc_row type=&#8221;container&#8221; padding_top=&#8221;&#8221; padding_bottom=&#8221;&#8221; css=&#8221;.vc_custom_1547127160020{margin-bottom: 40px !important;}&#8221;][vc_column width=&#8221;1\/3&#8243;][qt_featured_page page=&#8221;13049&#8243; boxed_layout=&#8221;true&#8221; hide_excerpt=&#8221;&#8221; excerpt_length=&#8221;85&#8243; btn_text=&#8221;Ver Servi\u00e7o&#8221;][\/vc_column][vc_column width=&#8221;1\/3&#8243;][qt_featured_page page=&#8221;13052&#8243; boxed_layout=&#8221;true&#8221; hide_excerpt=&#8221;&#8221; excerpt_length=&#8221;85&#8243; btn_text=&#8221;Ver Servi\u00e7o&#8221;][\/vc_column][vc_column width=&#8221;1\/3&#8243;][qt_featured_page page=&#8221;12979&#8243; boxed_layout=&#8221;true&#8221; hide_excerpt=&#8221;&#8221; excerpt_length=&#8221;80&#8243; btn_text=&#8221;Ver Servi\u00e7o&#8221;][\/vc_column][\/vc_row][vc_row type=&#8221;container&#8221; padding_top=&#8221;&#8221; padding_bottom=&#8221;&#8221; css=&#8221;.vc_custom_1548866204032{margin-bottom: 80px !important;}&#8221;][vc_column width=&#8221;1\/3&#8243;][qt_featured_page page=&#8221;12998&#8243; boxed_layout=&#8221;true&#8221; hide_excerpt=&#8221;&#8221; excerpt_length=&#8221;85&#8243; btn_text=&#8221;Ver Servi\u00e7o&#8221;][\/vc_column][vc_column width=&#8221;1\/3&#8243;][qt_featured_page page=&#8221;13012&#8243; boxed_layout=&#8221;true&#8221; hide_excerpt=&#8221;&#8221; excerpt_length=&#8221;76&#8243; btn_text=&#8221;Ver Servi\u00e7o&#8221;][\/vc_column][vc_column width=&#8221;1\/3&#8243;][qt_featured_page page=&#8221;13023&#8243; boxed_layout=&#8221;true&#8221; hide_excerpt=&#8221;&#8221; excerpt_length=&#8221;76&#8243; btn_text=&#8221;Ver Servi\u00e7o&#8221;][\/vc_column][\/vc_row][vc_row full_width=&#8221;stretch_row&#8221; css_animation=&#8221;none&#8221; type=&#8221;container&#8221; padding_top=&#8221;&#8221; padding_bottom=&#8221;&#8221; css=&#8221;.vc_custom_1559048863578{margin-bottom: 45px !important;padding-top: 80px !important;padding-bottom: 45px !important;background: #f5f7fb url(https:\/\/saniambiente.com\/site\/wp-content\/uploads\/2018\/06\/steps-bg-1.png?id=11039) !important;background-position: center !important;background-repeat: no-repeat !important;background-size: contain !important;}&#8221;][vc_column width=&#8221;1\/3&#8243; css=&#8221;.vc_custom_1537363366328{padding-top: 0px !important;}&#8221;][qt_animate_element css_animation=&#8221;bottom-to-top&#8221; animation_delay=&#8221;delay-100&#8243; animation_duration=&#8221;&#8221;][qt_iconbox iconbox_icon_symbol=&#8221;font-icon&#8221; iconbox_icon_position=&#8221;icon-top&#8221; iconbox_layout=&#8221;style-1&#8243; iconbox_alignment=&#8221;text-center&#8221; iconbox_add_link=&#8221;true&#8221; iconbox_link_all=&#8221;true&#8221; iconbox_enable_border_style=&#8221;true&#8221; iconbox_enable_hover_effect=&#8221;true&#8221; iconbox_heading=&#8221;Envie-nos uma mensagem.&#8221; iconbox_link=&#8221;url:https%3A%2F%2Fsaniambiente.com%2Fsite%2Fcontactos%2F|title:Contactos&#8221; iconbox_icon=&#8221;fas fa-phone-alt&#8221; iconbox_link_text=&#8221;Contacte-nos&#8221;]Coloque-nos a sua quest\u00e3o. Estamos aqui para ajudar.[\/qt_iconbox][\/qt_animate_element][\/vc_column][vc_column width=&#8221;1\/3&#8243; css=&#8221;.vc_custom_1537363369342{padding-top: 0px !important;}&#8221;][qt_animate_element css_animation=&#8221;bottom-to-top&#8221; animation_delay=&#8221;delay-200&#8243; animation_duration=&#8221;&#8221;][qt_iconbox iconbox_icon_symbol=&#8221;font-icon&#8221; iconbox_icon_position=&#8221;icon-top&#8221; iconbox_layout=&#8221;style-1&#8243; iconbox_alignment=&#8221;text-center&#8221; iconbox_add_link=&#8221;true&#8221; iconbox_link_all=&#8221;true&#8221; iconbox_enable_border_style=&#8221;true&#8221; iconbox_enable_hover_effect=&#8221;true&#8221; iconbox_heading=&#8221;Servi\u00e7os ocasionais&#8221; iconbox_link=&#8221;url:https%3A%2F%2Fsaniambiente.com%2Fsite%2Fpedido-orcamento%2F|title:Pedido%20de%20Or%C3%A7amento|rel:nofollow&#8221; iconbox_icon=&#8221;far fa-calendar-alt&#8221; iconbox_link_text=&#8221;Agendar Servi\u00e7o&#8221;]Agende o seu servi\u00e7o ocasional sem custos adicionais.[\/qt_iconbox][\/qt_animate_element][\/vc_column][vc_column width=&#8221;1\/3&#8243; css=&#8221;.vc_custom_1626951192393{padding-top: 0px !important;}&#8221;][qt_animate_element css_animation=&#8221;bottom-to-top&#8221; animation_delay=&#8221;delay-300&#8243; animation_duration=&#8221;&#8221;][qt_iconbox iconbox_icon_symbol=&#8221;font-icon&#8221; iconbox_icon_position=&#8221;icon-top&#8221; iconbox_layout=&#8221;style-1&#8243; iconbox_alignment=&#8221;text-center&#8221; iconbox_add_link=&#8221;true&#8221; iconbox_link_all=&#8221;true&#8221; iconbox_enable_border_style=&#8221;true&#8221; iconbox_enable_hover_effect=&#8221;true&#8221; iconbox_heading=&#8221;Presta\u00e7\u00e3o de Servi\u00e7os&#8221; iconbox_link=&#8221;url:https%3A%2F%2Fsaniambiente.com%2Fsite%2Fservicos%2F|title:Services&#8221; iconbox_link_text=&#8221;Ver Servi\u00e7os&#8221; iconbox_icon=&#8221;fas fa-user-shield&#8221;]Servi\u00e7os prestados por<br \/>\nprofissionais dedicados.[\/qt_iconbox][\/qt_animate_element][\/vc_column][\/vc_row][vc_row css=&#8221;.vc_custom_1547131642891{margin-bottom: 30px !important;}&#8221;][vc_column width=&#8221;1\/2&#8243;][qt_custom_heading heading_tag=&#8221;h2&#8243; heading_alignment=&#8221;text-left&#8221; css=&#8221;.vc_custom_1626973131256{margin-bottom: 20px !important;}&#8221; heading_main=&#8221;A Saniambiente&#8221;][vc_column_text css=&#8221;.vc_custom_1650454362214{margin-bottom: 0px !important;}&#8221;]A Saniambiente Facility Services, criada em 2003, tem como objectivo responder \u00e0s crescentes exig\u00eancias do mercado, resultantes da modifica\u00e7\u00e3o do estilo de vida da popula\u00e7\u00e3o em geral, e das empresas, em particular.<\/p>\n<p>Com uma cobertura de \u00e2mbito nacional, desenvolvemos uma estrutura organizacional que permite garantir aos seus clientes um elevado \u00edndice de satisfa\u00e7\u00e3o.<br \/>\nSomos uma empresa certificada pela SGS ICS Portugal desde o dia 08 de Junho de 2007.[\/vc_column_text][vc_column_text]<\/p>\n<p><a href=\"https:\/\/saniambiente.com\/site\/sobre-nos\/\">Saber mais<\/a>[\/vc_column_text][\/vc_column][vc_column width=&#8221;1\/2&#8243;][qt_before_after before_image=&#8221;12871&#8243; after_image=&#8221;12870&#8243; css=&#8221;.vc_custom_1626972530413{margin-top: 8px !important;}&#8221;][\/vc_column][\/vc_row]<\/p>\n","protected":false},"excerpt":{"rendered":"<p>[vc_row full_width=&#8221;stretch_row_content_no_spaces&#8221;][vc_column][qt_slider slider_mouse_drag=&#8221;true&#8221; slider_animation=&#8221;horizontal&#8221; slider_autoplay=&#8221;true&#8221; slider_autoplay_hover=&#8221;&#8221; slider_caption_animation=&#8221;&#8221; slider_fixed_height=&#8221;&#8221; slider_caption_mobile=&#8221;&#8221; slider_featured_carousel=&#8221;hide&#8221; slider_captions=&#8221;yes&#8221; slider_overlay=&#8221;no&#8221; slider_img_size=&#8221;medium&#8221;][qt_slider_slide slide_button=&#8221;no&#8221; slide_caption_align=&#8221;center&#8221; slide_heading_tag=&#8221;h2&#8243; slide_type=&#8221;slide_type_image&#8221; slide_heading=&#8221;Melhor solu\u00e7\u00e3o em todas as \u00e1reas de limpeza&#8221; slide_image=&#8221;12701&#8243; slider_overlay=&#8221;rgba(4,10,16,0.4)&#8221;] [\/qt_slider_slide][qt_slider_slide slide_button=&#8221;no&#8221; slide_caption_align=&#8221;center&#8221; slide_heading_tag=&#8221;h2&#8243; slide_type=&#8221;slide_type_image&#8221; slide_heading=&#8221;COVID-19 Retorno \u00e0 normalidade em seguran\u00e7a&#8221; slide_image=&#8221;12783&#8243; slider_overlay=&#8221;rgba(4,10,16,0.4)&#8221;] [\/qt_slider_slide][qt_slider_slide slide_button=&#8221;no&#8221; slide_caption_align=&#8221;center&#8221; slide_heading_tag=&#8221;h2&#8243; slide_type=&#8221;slide_type_image&#8221; slide_heading=&#8221;Preven\u00e7\u00e3o e interven\u00e7\u00e3o especialistas em controlo de pragas&#8221; slide_image=&#8221;12787&#8243; slider_overlay=&#8221;rgba(4,10,16,0.4)&#8221;]&hellip;<\/p>\n","protected":false},"author":1,"featured_media":0,"parent":0,"menu_order":0,"comment_status":"closed","ping_status":"closed","template":"template-frontpage.php","meta":{"_monsterinsights_skip_tracking":false,"_monsterinsights_sitenote_active":false,"_monsterinsights_sitenote_note":"","_monsterinsights_sitenote_category":0,"cybocfi_hide_featured_image":"","footnotes":""},"class_list":["post-40","page","type-page","status-publish","hentry"],"yoast_head":"<!-- This site is optimized with the Yoast SEO plugin v16.6.1 - https:\/\/yoast.com\/wordpress\/plugins\/seo\/ -->\n<title>Saniambiente Facility Services - Saniambiente<\/title>\n<meta name=\"robots\" content=\"index, follow, max-snippet:-1, max-image-preview:large, max-video-preview:-1\" \/>\n<link rel=\"canonical\" href=\"https:\/\/saniambiente.com\/site\/\" \/>\n<meta property=\"og:locale\" content=\"pt_PT\" \/>\n<meta property=\"og:type\" content=\"article\" \/>\n<meta property=\"og:title\" content=\"Saniambiente Facility Services - Saniambiente\" \/>\n<meta property=\"og:description\" content=\"[vc_row full_width=&#8221;stretch_row_content_no_spaces&#8221;][vc_column][qt_slider slider_mouse_drag=&#8221;true&#8221; slider_animation=&#8221;horizontal&#8221; slider_autoplay=&#8221;true&#8221; slider_autoplay_hover=&#8221;&#8221; slider_caption_animation=&#8221;&#8221; slider_fixed_height=&#8221;&#8221; slider_caption_mobile=&#8221;&#8221; slider_featured_carousel=&#8221;hide&#8221; slider_captions=&#8221;yes&#8221; slider_overlay=&#8221;no&#8221; slider_img_size=&#8221;medium&#8221;][qt_slider_slide slide_button=&#8221;no&#8221; slide_caption_align=&#8221;center&#8221; slide_heading_tag=&#8221;h2&#8243; slide_type=&#8221;slide_type_image&#8221; slide_heading=&#8221;Melhor solu\u00e7\u00e3o em todas as \u00e1reas de limpeza&#8221; slide_image=&#8221;12701&#8243; slider_overlay=&#8221;rgba(4,10,16,0.4)&#8221;] [\/qt_slider_slide][qt_slider_slide slide_button=&#8221;no&#8221; slide_caption_align=&#8221;center&#8221; slide_heading_tag=&#8221;h2&#8243; slide_type=&#8221;slide_type_image&#8221; slide_heading=&#8221;COVID-19 Retorno \u00e0 normalidade em seguran\u00e7a&#8221; slide_image=&#8221;12783&#8243; slider_overlay=&#8221;rgba(4,10,16,0.4)&#8221;] [\/qt_slider_slide][qt_slider_slide slide_button=&#8221;no&#8221; slide_caption_align=&#8221;center&#8221; slide_heading_tag=&#8221;h2&#8243; slide_type=&#8221;slide_type_image&#8221; slide_heading=&#8221;Preven\u00e7\u00e3o e interven\u00e7\u00e3o especialistas em controlo de pragas&#8221; slide_image=&#8221;12787&#8243; slider_overlay=&#8221;rgba(4,10,16,0.4)&#8221;]&hellip;\" \/>\n<meta property=\"og:url\" content=\"https:\/\/saniambiente.com\/site\/\" \/>\n<meta property=\"og:site_name\" content=\"Saniambiente\" \/>\n<meta property=\"article:modified_time\" content=\"2022-05-06T16:19:12+00:00\" \/>\n<meta name=\"twitter:card\" content=\"summary_large_image\" \/>\n<meta name=\"twitter:label1\" content=\"Tempo estimado de leitura\" \/>\n\t<meta name=\"twitter:data1\" content=\"2 minutos\" \/>\n<script type=\"application\/ld+json\" class=\"yoast-schema-graph\">{\"@context\":\"https:\/\/schema.org\",\"@graph\":[{\"@type\":\"WebSite\",\"@id\":\"https:\/\/saniambiente.com\/site\/#website\",\"url\":\"https:\/\/saniambiente.com\/site\/\",\"name\":\"Saniambiente\",\"description\":\"Saniambiente\",\"potentialAction\":[{\"@type\":\"SearchAction\",\"target\":{\"@type\":\"EntryPoint\",\"urlTemplate\":\"https:\/\/saniambiente.com\/site\/?s={search_term_string}\"},\"query-input\":\"required name=search_term_string\"}],\"inLanguage\":\"pt-PT\"},{\"@type\":\"WebPage\",\"@id\":\"https:\/\/saniambiente.com\/site\/#webpage\",\"url\":\"https:\/\/saniambiente.com\/site\/\",\"name\":\"Saniambiente Facility Services - Saniambiente\",\"isPartOf\":{\"@id\":\"https:\/\/saniambiente.com\/site\/#website\"},\"datePublished\":\"2016-03-07T15:23:44+00:00\",\"dateModified\":\"2022-05-06T16:19:12+00:00\",\"breadcrumb\":{\"@id\":\"https:\/\/saniambiente.com\/site\/#breadcrumb\"},\"inLanguage\":\"pt-PT\",\"potentialAction\":[{\"@type\":\"ReadAction\",\"target\":[\"https:\/\/saniambiente.com\/site\/\"]}]},{\"@type\":\"BreadcrumbList\",\"@id\":\"https:\/\/saniambiente.com\/site\/#breadcrumb\",\"itemListElement\":[{\"@type\":\"ListItem\",\"position\":1,\"name\":\"In\\u00edcio\",\"item\":\"https:\/\/saniambiente.com\/site\/\"},{\"@type\":\"ListItem\",\"position\":2,\"name\":\"Saniambiente Facility Services\"}]}]}<\/script>\n<!-- \/ Yoast SEO plugin. -->","_links":{"self":[{"href":"https:\/\/saniambiente.com\/site\/wp-json\/wp\/v2\/pages\/40","targetHints":{"allow":["GET"]}}],"collection":[{"href":"https:\/\/saniambiente.com\/site\/wp-json\/wp\/v2\/pages"}],"about":[{"href":"https:\/\/saniambiente.com\/site\/wp-json\/wp\/v2\/types\/page"}],"author":[{"embeddable":true,"href":"https:\/\/saniambiente.com\/site\/wp-json\/wp\/v2\/users\/1"}],"replies":[{"embeddable":true,"href":"https:\/\/saniambiente.com\/site\/wp-json\/wp\/v2\/comments?post=40"}],"version-history":[{"count":48,"href":"https:\/\/saniambiente.com\/site\/wp-json\/wp\/v2\/pages\/40\/revisions"}],"predecessor-version":[{"id":13304,"href":"https:\/\/saniambiente.com\/site\/wp-json\/wp\/v2\/pages\/40\/revisions\/13304"}],"wp:attachment":[{"href":"https:\/\/saniambiente.com\/site\/wp-json\/wp\/v2\/media?parent=40"}],"curies":[{"name":"wp","href":"https:\/\/api.w.org\/{rel}","templated":true}]}}