{"id":891,"date":"2016-06-06T16:08:04","date_gmt":"2016-06-06T16:08:04","guid":{"rendered":"http:\/\/qt.dev\/dev\/thecleaner\/?page_id=891"},"modified":"2023-01-27T11:43:20","modified_gmt":"2023-01-27T11:43:20","slug":"contactos-saniambiente","status":"publish","type":"page","link":"https:\/\/saniambiente.com\/site\/contactos-saniambiente\/","title":{"rendered":"Contactos"},"content":{"rendered":"<p>[vc_row][vc_column width=&#8221;1\/2&#8243;][vc_column_text css=&#8221;.vc_custom_1626881171123{margin-bottom: 40px !important;}&#8221;]<\/p>\n<h2>Deixe-nos uma Mensagem<\/h2>\n<p>Contate-nos por telefone ou envie-nos uma mensagem atrav\u00e9s do nosso formul\u00e1rio de contacto. A sua mensagem ser\u00e1 enviada directamente para a nossa equipa que lhe ir\u00e1 responder brevemente.[\/vc_column_text]<div role=\"form\" class=\"wpcf7\" id=\"wpcf7-f1649-o1\" lang=\"en-US\" dir=\"ltr\">\n<div class=\"screen-reader-response\"><p role=\"status\" aria-live=\"polite\" aria-atomic=\"true\"><\/p> <ul><\/ul><\/div>\n<form action=\"\/site\/wp-json\/wp\/v2\/pages\/891#wpcf7-f1649-o1\" method=\"post\" class=\"wpcf7-form init\" novalidate=\"novalidate\" data-status=\"init\">\n<div style=\"display: none;\">\n<input type=\"hidden\" name=\"_wpcf7\" value=\"1649\" \/>\n<input type=\"hidden\" name=\"_wpcf7_version\" value=\"5.5.6\" \/>\n<input type=\"hidden\" name=\"_wpcf7_locale\" value=\"en_US\" \/>\n<input type=\"hidden\" name=\"_wpcf7_unit_tag\" value=\"wpcf7-f1649-o1\" \/>\n<input type=\"hidden\" name=\"_wpcf7_container_post\" value=\"0\" \/>\n<input type=\"hidden\" name=\"_wpcf7_posted_data_hash\" value=\"\" \/>\n<input type=\"hidden\" name=\"_wpcf7_recaptcha_response\" value=\"\" \/>\n<\/div>\n<div class=\"row\">\n<div class=\"col-sm-12 col-lg-6\">\n<p>Nome <br \/><span class=\"wpcf7-form-control-wrap first-name\"><input type=\"text\" name=\"first-name\" value=\"\" size=\"40\" class=\"wpcf7-form-control wpcf7-text wpcf7-validates-as-required\" aria-required=\"true\" aria-invalid=\"false\" placeholder=\"Nome *\" \/><\/span><\/p>\n<\/div>\n<div class=\"col-sm-12 col-lg-6\">\n<p>Email <br \/><span class=\"wpcf7-form-control-wrap your-email\"><input type=\"email\" name=\"your-email\" value=\"\" size=\"40\" class=\"wpcf7-form-control wpcf7-text wpcf7-email wpcf7-validates-as-required wpcf7-validates-as-email\" aria-required=\"true\" aria-invalid=\"false\" placeholder=\"Email *\" \/><\/span><\/p>\n<\/div>\n<div class=\"col-sm-12 col-lg-6\">\n<p>Telefone <br \/><span class=\"wpcf7-form-control-wrap phone-number\"><input type=\"tel\" name=\"phone-number\" value=\"\" size=\"40\" class=\"wpcf7-form-control wpcf7-text wpcf7-tel wpcf7-validates-as-tel\" aria-invalid=\"false\" placeholder=\"Telefone *\" \/><\/span><\/p>\n<\/div>\n<div class=\"col-sm-12 col-lg-6\">\n<p>Localidade <br \/><span class=\"wpcf7-form-control-wrap Localidade\"><input type=\"text\" name=\"Localidade\" value=\"\" size=\"40\" class=\"wpcf7-form-control wpcf7-text wpcf7-validates-as-required\" id=\"Localidade\" aria-required=\"true\" aria-invalid=\"false\" \/><\/span><\/p>\n<\/div>\n<div class=\"col-sm-12 col-lg-6\">\n<p>Assunto<br \/><span class=\"wpcf7-form-control-wrap assunto\"><input type=\"text\" name=\"assunto\" value=\"\" size=\"40\" class=\"wpcf7-form-control wpcf7-text\" aria-invalid=\"false\" \/><\/span><\/p>\n<\/div>\n<div class=\"col-sm-12\">\n<p>Escreva a sua mensagem<br \/><span class=\"wpcf7-form-control-wrap your-message\"><textarea name=\"your-message\" cols=\"40\" rows=\"10\" class=\"wpcf7-form-control wpcf7-textarea wpcf7-validates-as-required\" aria-required=\"true\" aria-invalid=\"false\" placeholder=\"Escreva a sua mensagem...\"><\/textarea><\/span>\n    <\/div>\n<div class=\"col-sm-12\">\n<p>Aceito receber informa\u00e7\u00f5es comerciais da Saniambiente.<\/p>\n<p>          <span class=\"wpcf7-form-control-wrap acceptance-322\"><span class=\"wpcf7-form-control wpcf7-acceptance optional\"><span class=\"wpcf7-list-item\"><input type=\"checkbox\" name=\"acceptance-322\" value=\"1\" aria-invalid=\"false\" \/><\/span><\/span><\/span><\/p>\n<\/div>\n<div class=\"col-sm-12 pb-4\">\n       <input type=\"submit\" value=\"Enviar\" class=\"wpcf7-form-control has-spinner wpcf7-submit btn btn-primary\" \/>\n    <\/div>\n<div>\n\n<\/div>\n<\/div>\n<div class=\"wpcf7-response-output\" aria-hidden=\"true\"><\/div><\/form><\/div>[vc_column_text]Conhece os servi\u00e7os da Saniambiente? Saiba mais <a href=\"https:\/\/saniambiente.com\/site\/servicos\/\">aqui<\/a>.[\/vc_column_text][\/vc_column][vc_column width=&#8221;1\/2&#8243;][vc_column_text css=&#8221;.vc_custom_1626880815895{margin-bottom: 27px !important;}&#8221;]<\/p>\n<h2>A nossa localiza\u00e7\u00e3o<\/h2>\n<p>[\/vc_column_text][vc_row_inner][vc_column_inner width=&#8221;1\/2&#8243;][vc_column_text]<\/p>\n<h3>Onde Estamos<\/h3>\n<p>LISBOA<br \/>\nPORTO<br \/>\n\u00c9VORA<\/p>\n<p>[\/vc_column_text][qt_social facebook=&#8221;https:\/\/www.facebook.com\/saniambiente.portugal&#8221; google_plus=&#8221;#&#8221; linkedin=&#8221;https:\/\/www.linkedin.com\/company\/saniambiente\/&#8221; instagram=&#8221;https:\/\/www.instagram.com\/saniambiente_portugal\/&#8221;][\/vc_column_inner][vc_column_inner width=&#8221;1\/2&#8243;][vc_column_text]<\/p>\n<h3>Contactos<\/h3>\n<p>Tel.: 261 337 200<br \/>\nFax: 261 337 209<br \/>\n<span style=\"font-size: 8pt;\">(<strong>Custo de chamada rede fixa \/ m\u00f3vel nacional de acordo com o seu tarif\u00e1rio.)<\/strong><\/span><\/p>\n<p>geral@saniambiente.com<br \/>\nwww.saniambiente.com[\/vc_column_text][\/vc_column_inner][\/vc_row_inner][\/vc_column][\/vc_row]<\/p>\n","protected":false},"excerpt":{"rendered":"<p>[vc_row][vc_column width=&#8221;1\/2&#8243;][vc_column_text css=&#8221;.vc_custom_1626881171123{margin-bottom: 40px !important;}&#8221;] Deixe-nos uma Mensagem Contate-nos por telefone ou envie-nos uma mensagem atrav\u00e9s do nosso formul\u00e1rio de contacto. A sua mensagem ser\u00e1 enviada directamente para a nossa equipa que lhe ir\u00e1 responder brevemente.[\/vc_column_text][vc_column_text]Conhece os servi\u00e7os da Saniambiente? Saiba mais aqui.[\/vc_column_text][\/vc_column][vc_column width=&#8221;1\/2&#8243;][vc_column_text css=&#8221;.vc_custom_1626880815895{margin-bottom: 27px !important;}&#8221;] A nossa localiza\u00e7\u00e3o [\/vc_column_text][vc_row_inner][vc_column_inner width=&#8221;1\/2&#8243;][vc_column_text] Onde Estamos LISBOA&hellip;<\/p>\n","protected":false},"author":1,"featured_media":0,"parent":0,"menu_order":0,"comment_status":"closed","ping_status":"closed","template":"","meta":{"_monsterinsights_skip_tracking":false,"_monsterinsights_sitenote_active":false,"_monsterinsights_sitenote_note":"","_monsterinsights_sitenote_category":0,"cybocfi_hide_featured_image":"","footnotes":""},"class_list":["post-891","page","type-page","status-publish","hentry"],"yoast_head":"<!-- This site is optimized with the Yoast SEO plugin v16.6.1 - https:\/\/yoast.com\/wordpress\/plugins\/seo\/ -->\n<title>Contactos Saniambiente - Aguardamos o seu contacto<\/title>\n<meta name=\"description\" content=\"Contactos Saniambiente. A nossa esquipa est\u00e1 dispon\u00edvel para o atender. Coloque-nos as suas quest\u00f5es, aguardamos o seu contacto.\" \/>\n<meta name=\"robots\" content=\"index, follow, max-snippet:-1, max-image-preview:large, max-video-preview:-1\" \/>\n<link rel=\"canonical\" href=\"https:\/\/saniambiente.com\/site\/contactos-saniambiente\/\" \/>\n<meta property=\"og:locale\" content=\"pt_PT\" \/>\n<meta property=\"og:type\" content=\"article\" \/>\n<meta property=\"og:title\" content=\"Contactos Saniambiente - Aguardamos o seu contacto\" \/>\n<meta property=\"og:description\" content=\"Contactos Saniambiente. A nossa esquipa est\u00e1 dispon\u00edvel para o atender. Coloque-nos as suas quest\u00f5es, aguardamos o seu contacto.\" \/>\n<meta property=\"og:url\" content=\"https:\/\/saniambiente.com\/site\/contactos-saniambiente\/\" \/>\n<meta property=\"og:site_name\" content=\"Saniambiente\" \/>\n<meta property=\"article:modified_time\" content=\"2023-01-27T11:43:20+00:00\" \/>\n<meta name=\"twitter:card\" content=\"summary_large_image\" \/>\n<meta name=\"twitter:label1\" content=\"Tempo estimado de leitura\" \/>\n\t<meta name=\"twitter:data1\" content=\"1 minuto\" \/>\n<script type=\"application\/ld+json\" class=\"yoast-schema-graph\">{\"@context\":\"https:\/\/schema.org\",\"@graph\":[{\"@type\":\"WebSite\",\"@id\":\"https:\/\/saniambiente.com\/site\/#website\",\"url\":\"https:\/\/saniambiente.com\/site\/\",\"name\":\"Saniambiente\",\"description\":\"Saniambiente\",\"potentialAction\":[{\"@type\":\"SearchAction\",\"target\":{\"@type\":\"EntryPoint\",\"urlTemplate\":\"https:\/\/saniambiente.com\/site\/?s={search_term_string}\"},\"query-input\":\"required name=search_term_string\"}],\"inLanguage\":\"pt-PT\"},{\"@type\":\"WebPage\",\"@id\":\"https:\/\/saniambiente.com\/site\/contactos-saniambiente\/#webpage\",\"url\":\"https:\/\/saniambiente.com\/site\/contactos-saniambiente\/\",\"name\":\"Contactos Saniambiente - Aguardamos o seu contacto\",\"isPartOf\":{\"@id\":\"https:\/\/saniambiente.com\/site\/#website\"},\"datePublished\":\"2016-06-06T16:08:04+00:00\",\"dateModified\":\"2023-01-27T11:43:20+00:00\",\"description\":\"Contactos Saniambiente. A nossa esquipa est\\u00e1 dispon\\u00edvel para o atender. Coloque-nos as suas quest\\u00f5es, aguardamos o seu contacto.\",\"breadcrumb\":{\"@id\":\"https:\/\/saniambiente.com\/site\/contactos-saniambiente\/#breadcrumb\"},\"inLanguage\":\"pt-PT\",\"potentialAction\":[{\"@type\":\"ReadAction\",\"target\":[\"https:\/\/saniambiente.com\/site\/contactos-saniambiente\/\"]}]},{\"@type\":\"BreadcrumbList\",\"@id\":\"https:\/\/saniambiente.com\/site\/contactos-saniambiente\/#breadcrumb\",\"itemListElement\":[{\"@type\":\"ListItem\",\"position\":1,\"name\":\"In\\u00edcio\",\"item\":\"https:\/\/saniambiente.com\/site\/\"},{\"@type\":\"ListItem\",\"position\":2,\"name\":\"Contactos\"}]}]}<\/script>\n<!-- \/ Yoast SEO plugin. -->","_links":{"self":[{"href":"https:\/\/saniambiente.com\/site\/wp-json\/wp\/v2\/pages\/891","targetHints":{"allow":["GET"]}}],"collection":[{"href":"https:\/\/saniambiente.com\/site\/wp-json\/wp\/v2\/pages"}],"about":[{"href":"https:\/\/saniambiente.com\/site\/wp-json\/wp\/v2\/types\/page"}],"author":[{"embeddable":true,"href":"https:\/\/saniambiente.com\/site\/wp-json\/wp\/v2\/users\/1"}],"replies":[{"embeddable":true,"href":"https:\/\/saniambiente.com\/site\/wp-json\/wp\/v2\/comments?post=891"}],"version-history":[{"count":16,"href":"https:\/\/saniambiente.com\/site\/wp-json\/wp\/v2\/pages\/891\/revisions"}],"predecessor-version":[{"id":13335,"href":"https:\/\/saniambiente.com\/site\/wp-json\/wp\/v2\/pages\/891\/revisions\/13335"}],"wp:attachment":[{"href":"https:\/\/saniambiente.com\/site\/wp-json\/wp\/v2\/media?parent=891"}],"curies":[{"name":"wp","href":"https:\/\/api.w.org\/{rel}","templated":true}]}}